{"id":3253,"date":"2025-06-20T12:19:04","date_gmt":"2025-06-20T10:19:04","guid":{"rendered":"https:\/\/schuldtconstructiondoo.com\/?page_id=3253"},"modified":"2025-06-20T12:19:06","modified_gmt":"2025-06-20T10:19:06","slug":"odtis","status":"publish","type":"page","link":"https:\/\/schuldtconstructiondoo.com\/sl\/imprint\/","title":{"rendered":"Odtis"},"content":{"rendered":"<p><strong>Kolofon \/ Pravno obvestilo<\/strong><\/p>\n\n\n\n<p>Informacije v skladu s 5. \u010dlenom TMG (nem\u0161kega zakona o telemedijih) in hrva\u0161kimi zakonskimi zahtevami:<\/p>\n\n\n\n<p><strong>Ime podjetja:<\/strong><\/p>\n\n\n\n<p>Schuldt Construction d.o.o.<\/p>\n\n\n\n<p><strong>Registrirani naslov:<\/strong><\/p>\n\n\n\n<p>Ulica Kraljice mu\u010denika 12C<br>21216 Ka\u0161tel Stari<br>Hrva\u0161ka<\/p>\n\n\n\n<p><strong>Kontakt:<\/strong><\/p>\n\n\n\n<p>Telefon: +49 176 9528 9399<br>E-po\u0161ta: mail@schuldtconstructiondoo.com<br>Spletna stran: www.schuldtconstructiondoo.com<\/p>\n\n\n\n<p><strong>Generalni direktor:<\/strong><\/p>\n\n\n\n<p>Julian Schuldt<br>Grotkamp 32<br>25373 Ellerhoop<br>Nem\u010dija<\/p>\n\n\n\n<p><strong>Registracija podjetja:<\/strong><\/p>\n\n\n\n<p>Registrirano pri Trgovskem sodi\u0161\u010du v Splitu na Hrva\u0161kem<br>MBS: 21774473500<br>OIB (hrva\u0161ka dav\u010dna \u0161tevilka): 21774473500<br>ID za DDV: HR21774473500<\/p>\n\n\n\n<p><strong>Odgovorna oseba za vsebino v skladu z 2. odstavkom 55. \u010dlena RStV:<\/strong><\/p>\n\n\n\n<p>Julian Schuldt<br>Grotkamp 32<br>25373 Ellerhoop<br>Nem\u010dija<\/p>\n\n\n\n<p><strong>Re\u0161evanje sporov:<\/strong><\/p>\n\n\n\n<p>Evropska komisija zagotavlja platformo za spletno re\u0161evanje sporov (SRS):<br><a href=\"https:\/\/ec.europa.eu\/consumers\/odr\">https:\/\/ec.europa.eu\/consumers\/odr<\/a><br>Nismo pripravljeni ali dol\u017eni sodelovati v postopkih re\u0161evanja sporov pred arbitra\u017eno komisijo za potro\u0161nike.<\/p>\n\n\n\n<p><\/p>","protected":false},"excerpt":{"rendered":"<p>Imprint \/ Legal Disclosure Information according to \u00a7\u202f5 TMG (German Telemedia Act) and Croatian legal requirements: Company Name: Schuldt Construction d.o.o. Registered Address: Ulica Kraljice mu\u010denika 12C21216 Ka\u0161tel StariCroatia Contact: Phone: +49 176 9528 9399Email: mail@schuldtconstructiondoo.comWebsite: www.schuldtconstructiondoo.com Managing Director: Julian SchuldtGrotkamp 3225373 EllerhoopGermany Company Registration: Registered with the Commercial Court in Split, CroatiaMBS: 21774473500OIB (Croatian [&hellip;]<\/p>\n","protected":false},"author":1,"featured_media":0,"parent":0,"menu_order":0,"comment_status":"closed","ping_status":"closed","template":"","meta":{"footnotes":""},"class_list":["post-3253","page","type-page","status-publish","hentry"],"aioseo_notices":[],"_links":{"self":[{"href":"https:\/\/schuldtconstructiondoo.com\/sl\/wp-json\/wp\/v2\/pages\/3253","targetHints":{"allow":["GET"]}}],"collection":[{"href":"https:\/\/schuldtconstructiondoo.com\/sl\/wp-json\/wp\/v2\/pages"}],"about":[{"href":"https:\/\/schuldtconstructiondoo.com\/sl\/wp-json\/wp\/v2\/types\/page"}],"author":[{"embeddable":true,"href":"https:\/\/schuldtconstructiondoo.com\/sl\/wp-json\/wp\/v2\/users\/1"}],"replies":[{"embeddable":true,"href":"https:\/\/schuldtconstructiondoo.com\/sl\/wp-json\/wp\/v2\/comments?post=3253"}],"version-history":[{"count":1,"href":"https:\/\/schuldtconstructiondoo.com\/sl\/wp-json\/wp\/v2\/pages\/3253\/revisions"}],"predecessor-version":[{"id":3254,"href":"https:\/\/schuldtconstructiondoo.com\/sl\/wp-json\/wp\/v2\/pages\/3253\/revisions\/3254"}],"wp:attachment":[{"href":"https:\/\/schuldtconstructiondoo.com\/sl\/wp-json\/wp\/v2\/media?parent=3253"}],"curies":[{"name":"delovni list","href":"https:\/\/api.w.org\/{rel}","templated":true}]}}