{"id":3253,"date":"2025-06-20T12:19:04","date_gmt":"2025-06-20T10:19:04","guid":{"rendered":"https:\/\/schuldtconstructiondoo.com\/?page_id=3253"},"modified":"2025-06-20T12:19:06","modified_gmt":"2025-06-20T10:19:06","slug":"ispaudas","status":"publish","type":"page","link":"https:\/\/schuldtconstructiondoo.com\/lt\/imprint\/","title":{"rendered":"\u012espaudas"},"content":{"rendered":"<p><strong>Atsakomyb\u0117s apribojimas \/ Teisinis atskleidimas<\/strong><\/p>\n\n\n\n<p>Informacija pagal \u00a7 5 TMG (Vokietijos telekomunikacij\u0173 \u012fstatymo) ir Kroatijos teisinius reikalavimus:<\/p>\n\n\n\n<p><strong>\u012emon\u0117s pavadinimas:<\/strong><\/p>\n\n\n\n<p>Schuldt statyb\u0173 uo<\/p>\n\n\n\n<p><strong>Registruotas adresas:<\/strong><\/p>\n\n\n\n<p>Kraljice gatv\u0117 12C<br>21216 Ka\u0161tel Stari<br>Kroatija<\/p>\n\n\n\n<p><strong>Kontaktas:<\/strong><\/p>\n\n\n\n<p>Telefonas: +49 176 9528 9399<br>El. pa\u0161tas: mail@schuldtconstructiondoo.com<br>Svetain\u0117: www.schuldtconstructiondoo.com<\/p>\n\n\n\n<p><strong>Generalinis direktorius:<\/strong><\/p>\n\n\n\n<p>Julianas Schuldtas<br>Grotkamp 32<br>25373 Ellerhoop<br>Vokietija<\/p>\n\n\n\n<p><strong>\u012emon\u0117s registracija:<\/strong><\/p>\n\n\n\n<p>\u012eregistruota Splito komerciniame teisme, Kroatijoje<br>MBS: 21774473500<br>OIB (Kroatijos mokes\u010di\u0173 mok\u0117tojo kodas): 21774473500<br>PVM mok\u0117tojo kodas: HR21774473500<\/p>\n\n\n\n<p><strong>Atsakingas u\u017e turin\u012f pagal RStV 55 straipsnio 2 dal\u012f:<\/strong><\/p>\n\n\n\n<p>Julianas Schuldtas<br>Grotkamp 32<br>25373 Ellerhoop<br>Vokietija<\/p>\n\n\n\n<p><strong>Gin\u010d\u0173 sprendimas:<\/strong><\/p>\n\n\n\n<p>Europos Komisija teikia internetinio gin\u010d\u0173 sprendimo (EGS) platform\u0105:<br><a href=\"https:\/\/ec.europa.eu\/consumers\/odr\">https:\/\/ec.europa.eu\/consumers\/odr<\/a><br>Mes nesame pasireng\u0119 ir neprivalome dalyvauti gin\u010d\u0173 sprendimo procese vartotoj\u0173 arbitra\u017eo taryboje.<\/p>\n\n\n\n<p><\/p>","protected":false},"excerpt":{"rendered":"<p>Imprint \/ Legal Disclosure Information according to \u00a7\u202f5 TMG (German Telemedia Act) and Croatian legal requirements: Company Name: Schuldt Construction d.o.o. Registered Address: Ulica Kraljice mu\u010denika 12C21216 Ka\u0161tel StariCroatia Contact: Phone: +49 176 9528 9399Email: mail@schuldtconstructiondoo.comWebsite: www.schuldtconstructiondoo.com Managing Director: Julian SchuldtGrotkamp 3225373 EllerhoopGermany Company Registration: Registered with the Commercial Court in Split, CroatiaMBS: 21774473500OIB (Croatian [&hellip;]<\/p>\n","protected":false},"author":1,"featured_media":0,"parent":0,"menu_order":0,"comment_status":"closed","ping_status":"closed","template":"","meta":{"footnotes":""},"class_list":["post-3253","page","type-page","status-publish","hentry"],"aioseo_notices":[],"_links":{"self":[{"href":"https:\/\/schuldtconstructiondoo.com\/lt\/wp-json\/wp\/v2\/pages\/3253","targetHints":{"allow":["GET"]}}],"collection":[{"href":"https:\/\/schuldtconstructiondoo.com\/lt\/wp-json\/wp\/v2\/pages"}],"about":[{"href":"https:\/\/schuldtconstructiondoo.com\/lt\/wp-json\/wp\/v2\/types\/page"}],"author":[{"embeddable":true,"href":"https:\/\/schuldtconstructiondoo.com\/lt\/wp-json\/wp\/v2\/users\/1"}],"replies":[{"embeddable":true,"href":"https:\/\/schuldtconstructiondoo.com\/lt\/wp-json\/wp\/v2\/comments?post=3253"}],"version-history":[{"count":1,"href":"https:\/\/schuldtconstructiondoo.com\/lt\/wp-json\/wp\/v2\/pages\/3253\/revisions"}],"predecessor-version":[{"id":3254,"href":"https:\/\/schuldtconstructiondoo.com\/lt\/wp-json\/wp\/v2\/pages\/3253\/revisions\/3254"}],"wp:attachment":[{"href":"https:\/\/schuldtconstructiondoo.com\/lt\/wp-json\/wp\/v2\/media?parent=3253"}],"curies":[{"name":"wp","href":"https:\/\/api.w.org\/{rel}","templated":true}]}}