{"id":6,"date":"2025-06-13T09:27:02","date_gmt":"2025-06-13T07:27:02","guid":{"rendered":"https:\/\/schuldtconstructiondoo.com\/user-dashboard\/"},"modified":"2025-06-13T09:27:02","modified_gmt":"2025-06-13T07:27:02","slug":"felhasznaloi-iranyitopult","status":"publish","type":"page","link":"https:\/\/schuldtconstructiondoo.com\/hu\/user-dashboard\/","title":{"rendered":"Felhaszn\u00e1l\u00f3i ir\u00e1ny\u00edt\u00f3pult"},"content":{"rendered":"","protected":false},"excerpt":{"rendered":"","protected":false},"author":1,"featured_media":0,"parent":0,"menu_order":0,"comment_status":"closed","ping_status":"closed","template":"template\/user_dashboard.php","meta":{"footnotes":""},"class_list":["post-6","page","type-page","status-publish","hentry"],"aioseo_notices":[],"_links":{"self":[{"href":"https:\/\/schuldtconstructiondoo.com\/hu\/wp-json\/wp\/v2\/pages\/6","targetHints":{"allow":["GET"]}}],"collection":[{"href":"https:\/\/schuldtconstructiondoo.com\/hu\/wp-json\/wp\/v2\/pages"}],"about":[{"href":"https:\/\/schuldtconstructiondoo.com\/hu\/wp-json\/wp\/v2\/types\/page"}],"author":[{"embeddable":true,"href":"https:\/\/schuldtconstructiondoo.com\/hu\/wp-json\/wp\/v2\/users\/1"}],"replies":[{"embeddable":true,"href":"https:\/\/schuldtconstructiondoo.com\/hu\/wp-json\/wp\/v2\/comments?post=6"}],"version-history":[{"count":0,"href":"https:\/\/schuldtconstructiondoo.com\/hu\/wp-json\/wp\/v2\/pages\/6\/revisions"}],"wp:attachment":[{"href":"https:\/\/schuldtconstructiondoo.com\/hu\/wp-json\/wp\/v2\/media?parent=6"}],"curies":[{"name":"munkaf\u00fczet","href":"https:\/\/api.w.org\/{rel}","templated":true}]}}