{"id":3253,"date":"2025-06-20T12:19:04","date_gmt":"2025-06-20T10:19:04","guid":{"rendered":"https:\/\/schuldtconstructiondoo.com\/?page_id=3253"},"modified":"2025-06-20T12:19:06","modified_gmt":"2025-06-20T10:19:06","slug":"lenyomat","status":"publish","type":"page","link":"https:\/\/schuldtconstructiondoo.com\/hu\/imprint\/","title":{"rendered":"Impresszum"},"content":{"rendered":"<p><strong>Impresszum \/ Jogi nyilatkozat<\/strong><\/p>\n\n\n\n<p>Inform\u00e1ci\u00f3k a \u00a7 5 TMG (n\u00e9met telem\u00e9dia t\u00f6rv\u00e9ny) \u00e9s a horv\u00e1t jogi el\u0151\u00edr\u00e1sok szerint:<\/p>\n\n\n\n<p><strong>C\u00e9gn\u00e9v:<\/strong><\/p>\n\n\n\n<p>Schuldt Construction d.o.o.<\/p>\n\n\n\n<p><strong>Bejegyzett c\u00edm:<\/strong><\/p>\n\n\n\n<p>Ulica Kraljice mu\u010denika 12C<br>21216 Ka\u0161tel Stari<br>Horv\u00e1torsz\u00e1g<\/p>\n\n\n\n<p><strong>\u00c9rintkez\u00e9s:<\/strong><\/p>\n\n\n\n<p>Telefon: +49 176 9528 9399<br>E-mail: mail@schuldtconstructiondoo.com<br>Weboldal: www.schuldtconstructiondoo.com<\/p>\n\n\n\n<p><strong>\u00dcgyvezet\u0151 igazgat\u00f3:<\/strong><\/p>\n\n\n\n<p>Julian Schuldt<br>Grotkamp 32<br>25373 Ellerhoop<br>N\u00e9metorsz\u00e1g<\/p>\n\n\n\n<p><strong>C\u00e9gbejegyz\u00e9s:<\/strong><\/p>\n\n\n\n<p>Bejegyezve a Splitben, Horv\u00e1torsz\u00e1gban tal\u00e1lhat\u00f3 Kereskedelmi B\u00edr\u00f3s\u00e1gon<br>MBS: 21774473500<br>OIB (Horv\u00e1t ad\u00f3azonos\u00edt\u00f3): 21774473500<br>Ad\u00f3sz\u00e1m: HR21774473500<\/p>\n\n\n\n<p><strong>A tartalom\u00e9rt felel\u0151s az RStV 55. \u00a7 2. bekezd\u00e9se \u00e9rtelm\u00e9ben:<\/strong><\/p>\n\n\n\n<p>Julian Schuldt<br>Grotkamp 32<br>25373 Ellerhoop<br>N\u00e9metorsz\u00e1g<\/p>\n\n\n\n<p><strong>Vitarendez\u00e9s:<\/strong><\/p>\n\n\n\n<p>Az Eur\u00f3pai Bizotts\u00e1g online vitarendez\u00e9si (OVR) platformot biztos\u00edt:<br><a href=\"https:\/\/ec.europa.eu\/consumers\/odr\">https:\/\/ec.europa.eu\/consumers\/odr<\/a><br>Nem vagyunk hajland\u00f3ak \u00e9s nem is k\u00f6telesek r\u00e9szt venni fogyaszt\u00f3v\u00e9delmi v\u00e1lasztottb\u00edr\u00f3s\u00e1g el\u0151tti vitarendez\u00e9si elj\u00e1r\u00e1sokban.<\/p>\n\n\n\n<p><\/p>","protected":false},"excerpt":{"rendered":"<p>Imprint \/ Legal Disclosure Information according to \u00a7\u202f5 TMG (German Telemedia Act) and Croatian legal requirements: Company Name: Schuldt Construction d.o.o. Registered Address: Ulica Kraljice mu\u010denika 12C21216 Ka\u0161tel StariCroatia Contact: Phone: +49 176 9528 9399Email: mail@schuldtconstructiondoo.comWebsite: www.schuldtconstructiondoo.com Managing Director: Julian SchuldtGrotkamp 3225373 EllerhoopGermany Company Registration: Registered with the Commercial Court in Split, CroatiaMBS: 21774473500OIB (Croatian [&hellip;]<\/p>\n","protected":false},"author":1,"featured_media":0,"parent":0,"menu_order":0,"comment_status":"closed","ping_status":"closed","template":"","meta":{"footnotes":""},"class_list":["post-3253","page","type-page","status-publish","hentry"],"aioseo_notices":[],"_links":{"self":[{"href":"https:\/\/schuldtconstructiondoo.com\/hu\/wp-json\/wp\/v2\/pages\/3253","targetHints":{"allow":["GET"]}}],"collection":[{"href":"https:\/\/schuldtconstructiondoo.com\/hu\/wp-json\/wp\/v2\/pages"}],"about":[{"href":"https:\/\/schuldtconstructiondoo.com\/hu\/wp-json\/wp\/v2\/types\/page"}],"author":[{"embeddable":true,"href":"https:\/\/schuldtconstructiondoo.com\/hu\/wp-json\/wp\/v2\/users\/1"}],"replies":[{"embeddable":true,"href":"https:\/\/schuldtconstructiondoo.com\/hu\/wp-json\/wp\/v2\/comments?post=3253"}],"version-history":[{"count":1,"href":"https:\/\/schuldtconstructiondoo.com\/hu\/wp-json\/wp\/v2\/pages\/3253\/revisions"}],"predecessor-version":[{"id":3254,"href":"https:\/\/schuldtconstructiondoo.com\/hu\/wp-json\/wp\/v2\/pages\/3253\/revisions\/3254"}],"wp:attachment":[{"href":"https:\/\/schuldtconstructiondoo.com\/hu\/wp-json\/wp\/v2\/media?parent=3253"}],"curies":[{"name":"munkaf\u00fczet","href":"https:\/\/api.w.org\/{rel}","templated":true}]}}