{"id":3682,"date":"2025-08-11T16:42:31","date_gmt":"2025-08-11T14:42:31","guid":{"rendered":"https:\/\/schuldtconstructiondoo.com\/?page_id=3682"},"modified":"2025-10-19T23:09:33","modified_gmt":"2025-10-19T21:09:33","slug":"abschlusskosten-fur-den-immobilienkauf-in-kroatien","status":"publish","type":"page","link":"https:\/\/schuldtconstructiondoo.com\/de\/closing-costs-for-real-estate-purchase-in-croatia\/","title":{"rendered":"Abschlusskosten f\u00fcr Immobilienkauf in Kroatien \u2013 Schuldt Construction doo"},"content":{"rendered":"<div data-elementor-type=\"wp-page\" data-elementor-id=\"3682\" class=\"elementor elementor-3682\" data-elementor-post-type=\"page\">\n\t\t\t\t\t\t<section class=\"elementor-section elementor-top-section elementor-element elementor-element-58bd95be elementor-section-height-min-height elementor-section-boxed elementor-section-height-default elementor-section-items-middle\" data-id=\"58bd95be\" data-element_type=\"section\" data-e-type=\"section\" data-settings=\"{&quot;background_background&quot;:&quot;classic&quot;}\">\n\t\t\t\t\t\t\t<div class=\"elementor-background-overlay\"><\/div>\n\t\t\t\t\t\t\t<div class=\"elementor-container elementor-column-gap-wider\">\n\t\t\t\t\t<div class=\"elementor-column elementor-col-100 elementor-top-column elementor-element elementor-element-628e493\" data-id=\"628e493\" data-element_type=\"column\" data-e-type=\"column\">\n\t\t\t<div class=\"elementor-widget-wrap elementor-element-populated\">\n\t\t\t\t\t\t<div class=\"elementor-element elementor-element-b144dce animated-slow elementor-invisible elementor-widget elementor-widget-heading\" data-id=\"b144dce\" data-element_type=\"widget\" data-e-type=\"widget\" data-settings=\"{&quot;_animation&quot;:&quot;fadeInUp&quot;}\" data-widget_type=\"heading.default\">\n\t\t\t\t<div class=\"elementor-widget-container\">\n\t\t\t\t\t<h1 class=\"elementor-heading-title elementor-size-default\">Abschlusskosten - 4,5%<\/h1>\t\t\t\t<\/div>\n\t\t\t\t<\/div>\n\t\t\t\t<div class=\"elementor-element elementor-element-3d06e95 animated-slow elementor-align-start elementor-icon-list--layout-traditional elementor-list-item-link-full_width elementor-invisible elementor-widget elementor-widget-icon-list\" data-id=\"3d06e95\" data-element_type=\"widget\" data-e-type=\"widget\" data-settings=\"{&quot;_animation&quot;:&quot;fadeInUp&quot;}\" data-widget_type=\"icon-list.default\">\n\t\t\t\t<div class=\"elementor-widget-container\">\n\t\t\t\t\t\t\t<ul class=\"elementor-icon-list-items\">\n\t\t\t\t\t\t\t<li class=\"elementor-icon-list-item\">\n\t\t\t\t\t\t\t\t\t\t\t<span class=\"elementor-icon-list-icon\">\n\t\t\t\t\t\t\t<svg aria-hidden=\"true\" class=\"e-font-icon-svg e-fas-file-signature\" viewbox=\"0 0 576 512\" xmlns=\"http:\/\/www.w3.org\/2000\/svg\"><path d=\"M218.17 424.14c-2.95-5.92-8.09-6.52-10.17-6.52s-7.22.59-10.02 6.19l-7.67 15.34c-6.37 12.78-25.03 11.37-29.48-2.09L144 386.59l-10.61 31.88c-5.89 17.66-22.38 29.53-41 29.53H80c-8.84 0-16-7.16-16-16s7.16-16 16-16h12.39c4.83 0 9.11-3.08 10.64-7.66l18.19-54.64c3.3-9.81 12.44-16.41 22.78-16.41s19.48 6.59 22.77 16.41l13.88 41.64c19.75-16.19 54.06-9.7 66 14.16 1.89 3.78 5.49 5.95 9.36 6.26v-82.12l128-127.09V160H248c-13.2 0-24-10.8-24-24V0H24C10.7 0 0 10.7 0 24v464c0 13.3 10.7 24 24 24h336c13.3 0 24-10.7 24-24v-40l-128-.11c-16.12-.31-30.58-9.28-37.83-23.75zM384 121.9c0-6.3-2.5-12.4-7-16.9L279.1 7c-4.5-4.5-10.6-7-17-7H256v128h128v-6.1zm-96 225.06V416h68.99l161.68-162.78-67.88-67.88L288 346.96zm280.54-179.63l-31.87-31.87c-9.94-9.94-26.07-9.94-36.01 0l-27.25 27.25 67.88 67.88 27.25-27.25c9.95-9.94 9.95-26.07 0-36.01z\"><\/path><\/svg>\t\t\t\t\t\t<\/span>\n\t\t\t\t\t\t\t\t\t\t<span class=\"elementor-icon-list-text\">Anschaffungskosten beim Kauf einer Immobilie<\/span>\n\t\t\t\t\t\t\t\t\t<\/li>\n\t\t\t\t\t\t<\/ul>\n\t\t\t\t\t\t<\/div>\n\t\t\t\t<\/div>\n\t\t\t\t\t<\/div>\n\t\t<\/div>\n\t\t\t\t\t<\/div>\n\t\t<\/section>\n\t\t\t\t<section class=\"elementor-section elementor-top-section elementor-element elementor-element-53acdf7 elementor-section-content-top elementor-section-boxed elementor-section-height-default elementor-section-height-default\" data-id=\"53acdf7\" data-element_type=\"section\" data-e-type=\"section\" data-settings=\"{&quot;background_background&quot;:&quot;classic&quot;}\">\n\t\t\t\t\t\t\t<div class=\"elementor-background-overlay\"><\/div>\n\t\t\t\t\t\t\t<div class=\"elementor-container elementor-column-gap-default\">\n\t\t\t\t\t<div class=\"elementor-column elementor-col-100 elementor-top-column elementor-element elementor-element-6ae930c\" data-id=\"6ae930c\" data-element_type=\"column\" data-e-type=\"column\">\n\t\t\t<div class=\"elementor-widget-wrap elementor-element-populated\">\n\t\t\t\t\t\t<div class=\"elementor-element elementor-element-5028fcb elementor-widget elementor-widget-spacer\" data-id=\"5028fcb\" data-element_type=\"widget\" data-e-type=\"widget\" data-widget_type=\"spacer.default\">\n\t\t\t\t<div class=\"elementor-widget-container\">\n\t\t\t\t\t\t\t<div class=\"elementor-spacer\">\n\t\t\t<div class=\"elementor-spacer-inner\"><\/div>\n\t\t<\/div>\n\t\t\t\t\t\t<\/div>\n\t\t\t\t<\/div>\n\t\t\t\t<section class=\"elementor-section elementor-inner-section elementor-element elementor-element-5d8d3a0 elementor-section-full_width elementor-section-content-middle elementor-section-height-default elementor-section-height-default\" data-id=\"5d8d3a0\" data-element_type=\"section\" data-e-type=\"section\">\n\t\t\t\t\t\t<div class=\"elementor-container elementor-column-gap-default\">\n\t\t\t\t\t<div class=\"elementor-column elementor-col-50 elementor-inner-column elementor-element elementor-element-6cf3b5e\" data-id=\"6cf3b5e\" data-element_type=\"column\" data-e-type=\"column\">\n\t\t\t<div class=\"elementor-widget-wrap elementor-element-populated\">\n\t\t\t\t\t\t<div class=\"elementor-element elementor-element-c6fd4ec animated-slow elementor-invisible elementor-widget elementor-widget-heading\" data-id=\"c6fd4ec\" data-element_type=\"widget\" data-e-type=\"widget\" data-settings=\"{&quot;_animation&quot;:&quot;fadeInUp&quot;}\" data-widget_type=\"heading.default\">\n\t\t\t\t<div class=\"elementor-widget-container\">\n\t\t\t\t\t<h2 class=\"elementor-heading-title elementor-size-default\">Grunderwerbsteuer - 3%<\/h2>\t\t\t\t<\/div>\n\t\t\t\t<\/div>\n\t\t\t\t<div class=\"elementor-element elementor-element-ce90436 animated-slow elementor-invisible elementor-widget elementor-widget-text-editor\" data-id=\"ce90436\" data-element_type=\"widget\" data-e-type=\"widget\" data-settings=\"{&quot;_animation&quot;:&quot;fadeInUp&quot;}\" data-widget_type=\"text-editor.default\">\n\t\t\t\t<div class=\"elementor-widget-container\">\n\t\t\t\t\t\t\t\t\t<p>Bei der Grunderwerbsteuer macht es einen Unterschied, ob der Verkaufspreis mit 25% Mehrwertsteuer angegeben ist oder nicht.<\/p><ul><li><strong>Mit 0% MwSt.\/PDV (z. B. Privatverk\u00e4ufer):<\/strong> In diesem Fall betr\u00e4gt die Steuer 3%. Da wir sie privat verkaufen, f\u00e4llt die Immobilientransaktionsgeb\u00fchr von 3% an.<\/li><\/ul>\t\t\t\t\t\t\t\t<\/div>\n\t\t\t\t<\/div>\n\t\t\t\t\t<\/div>\n\t\t<\/div>\n\t\t\t\t<div class=\"elementor-column elementor-col-50 elementor-inner-column elementor-element elementor-element-1cab243\" data-id=\"1cab243\" data-element_type=\"column\" data-e-type=\"column\">\n\t\t\t<div class=\"elementor-widget-wrap elementor-element-populated\">\n\t\t\t\t\t\t<div class=\"elementor-element elementor-element-b486aba elementor-invisible elementor-widget elementor-widget-image\" data-id=\"b486aba\" data-element_type=\"widget\" data-e-type=\"widget\" data-settings=\"{&quot;_animation&quot;:&quot;fadeInRight&quot;}\" data-widget_type=\"image.default\">\n\t\t\t\t<div class=\"elementor-widget-container\">\n\t\t\t\t\t\t\t\t\t\t\t\t\t\t\t<img fetchpriority=\"high\" decoding=\"async\" width=\"1280\" height=\"400\" src=\"https:\/\/schuldtconstructiondoo.com\/wp-content\/uploads\/2025\/07\/insurance-schuldtconstructiondoo-e1753795697245.jpg\" class=\"attachment-full size-full wp-image-3583\" alt=\"\" srcset=\"https:\/\/schuldtconstructiondoo.com\/wp-content\/uploads\/2025\/07\/insurance-schuldtconstructiondoo-e1753795697245.jpg 1280w, https:\/\/schuldtconstructiondoo.com\/wp-content\/uploads\/2025\/07\/insurance-schuldtconstructiondoo-e1753795697245-18x6.jpg 18w, https:\/\/schuldtconstructiondoo.com\/wp-content\/uploads\/2025\/07\/insurance-schuldtconstructiondoo-e1753795697245-300x94.jpg 300w, https:\/\/schuldtconstructiondoo.com\/wp-content\/uploads\/2025\/07\/insurance-schuldtconstructiondoo-e1753795697245-768x240.jpg 768w, https:\/\/schuldtconstructiondoo.com\/wp-content\/uploads\/2025\/07\/insurance-schuldtconstructiondoo-e1753795697245-1024x320.jpg 1024w\" sizes=\"(max-width: 1280px) 100vw, 1280px\" \/>\t\t\t\t\t\t\t\t\t\t\t\t\t\t\t<\/div>\n\t\t\t\t<\/div>\n\t\t\t\t\t<\/div>\n\t\t<\/div>\n\t\t\t\t\t<\/div>\n\t\t<\/section>\n\t\t\t\t<div class=\"elementor-element elementor-element-5517e5e elementor-widget elementor-widget-spacer\" data-id=\"5517e5e\" data-element_type=\"widget\" data-e-type=\"widget\" data-widget_type=\"spacer.default\">\n\t\t\t\t<div class=\"elementor-widget-container\">\n\t\t\t\t\t\t\t<div class=\"elementor-spacer\">\n\t\t\t<div class=\"elementor-spacer-inner\"><\/div>\n\t\t<\/div>\n\t\t\t\t\t\t<\/div>\n\t\t\t\t<\/div>\n\t\t\t\t<section class=\"elementor-section elementor-inner-section elementor-element elementor-element-48f9bab elementor-section-full_width elementor-section-content-top elementor-section-height-default elementor-section-height-default\" data-id=\"48f9bab\" data-element_type=\"section\" data-e-type=\"section\">\n\t\t\t\t\t\t<div class=\"elementor-container elementor-column-gap-default\">\n\t\t\t\t\t<div class=\"elementor-column elementor-col-100 elementor-inner-column elementor-element elementor-element-abbf508\" data-id=\"abbf508\" data-element_type=\"column\" data-e-type=\"column\">\n\t\t\t<div class=\"elementor-widget-wrap elementor-element-populated\">\n\t\t\t\t\t\t<div class=\"elementor-element elementor-element-908aad2 animated-slow elementor-invisible elementor-widget elementor-widget-heading\" data-id=\"908aad2\" data-element_type=\"widget\" data-e-type=\"widget\" data-settings=\"{&quot;_animation&quot;:&quot;fadeInUp&quot;}\" data-widget_type=\"heading.default\">\n\t\t\t\t<div class=\"elementor-widget-container\">\n\t\t\t\t\t<h2 class=\"elementor-heading-title elementor-size-default\">1,51% Rechts- und Verwaltungsgeb\u00fchren<\/h2>\t\t\t\t<\/div>\n\t\t\t\t<\/div>\n\t\t\t\t<div class=\"elementor-element elementor-element-924e164 animated-slow elementor-invisible elementor-widget elementor-widget-text-editor\" data-id=\"924e164\" data-element_type=\"widget\" data-e-type=\"widget\" data-settings=\"{&quot;_animation&quot;:&quot;fadeInUp&quot;}\" data-widget_type=\"text-editor.default\">\n\t\t\t\t<div class=\"elementor-widget-container\">\n\t\t\t\t\t\t\t\t\t<p>F\u00fcr den Kauf dieser Immobilien sollten K\u00e4ufer etwa 1,51 TP3T (nicht mehr, sonst zahlen wir es) des Kaufpreises f\u00fcr alle wesentlichen rechtlichen und administrativen Dienstleistungen einplanen, die eine sichere und reibungslose Transaktion gew\u00e4hrleisten.<\/p>\n<p>Dieser Satz gilt speziell f\u00fcr K\u00e4ufe bei uns \u2013 bei K\u00e4ufen \u00fcber andere Anbieter k\u00f6nnen die Geb\u00fchren abweichen.<\/p>\n<p><strong>Der 1.5% umfasst:<\/strong><br>\u2022 Notarkosten \u2013 Beglaubigung von Unterschriften und Kaufvertrag<br>\u2022 Grundbuchgeb\u00fchren \u2013 Eintragung von Eigentumsrechten<br>\u2022 Anwaltsleistungen \u2013 Vertragspr\u00fcfung, Due Diligence und Transaktionsabwicklung<br>\u2022 \u00dcbersetzungskosten \u2013 beglaubigte \u00dcbersetzungen bei Bedarf<\/p>\n<p>Durch die B\u00fcndelung dieser Dienstleistungen sorgen wir f\u00fcr Transparenz und Sicherheit w\u00e4hrend des gesamten Kaufprozesses.<\/p>\t\t\t\t\t\t\t\t<\/div>\n\t\t\t\t<\/div>\n\t\t\t\t\t<\/div>\n\t\t<\/div>\n\t\t\t\t\t<\/div>\n\t\t<\/section>\n\t\t\t\t\t<\/div>\n\t\t<\/div>\n\t\t\t\t\t<\/div>\n\t\t<\/section>\n\t\t\t\t<section class=\"elementor-section elementor-top-section elementor-element elementor-element-2efd70d elementor-section-boxed elementor-section-height-default elementor-section-height-default\" data-id=\"2efd70d\" data-element_type=\"section\" data-e-type=\"section\" data-settings=\"{&quot;background_background&quot;:&quot;classic&quot;}\">\n\t\t\t\t\t\t<div class=\"elementor-container elementor-column-gap-default\">\n\t\t\t\t\t<div class=\"elementor-column elementor-col-100 elementor-top-column elementor-element elementor-element-2924da8\" data-id=\"2924da8\" data-element_type=\"column\" data-e-type=\"column\">\n\t\t\t<div class=\"elementor-widget-wrap elementor-element-populated\">\n\t\t\t\t\t\t<div class=\"elementor-element elementor-element-9665c32 elementor-widget elementor-widget-spacer\" data-id=\"9665c32\" data-element_type=\"widget\" data-e-type=\"widget\" data-widget_type=\"spacer.default\">\n\t\t\t\t<div class=\"elementor-widget-container\">\n\t\t\t\t\t\t\t<div class=\"elementor-spacer\">\n\t\t\t<div class=\"elementor-spacer-inner\"><\/div>\n\t\t<\/div>\n\t\t\t\t\t\t<\/div>\n\t\t\t\t<\/div>\n\t\t\t\t<section class=\"elementor-section elementor-inner-section elementor-element elementor-element-d2ad64d elementor-section-full_width elementor-section-content-middle elementor-section-height-default elementor-section-height-default\" data-id=\"d2ad64d\" data-element_type=\"section\" data-e-type=\"section\">\n\t\t\t\t\t\t<div class=\"elementor-container elementor-column-gap-default\">\n\t\t\t\t\t<div class=\"elementor-column elementor-col-33 elementor-inner-column elementor-element elementor-element-e2ec0b4\" data-id=\"e2ec0b4\" data-element_type=\"column\" data-e-type=\"column\">\n\t\t\t<div class=\"elementor-widget-wrap elementor-element-populated\">\n\t\t\t\t\t\t<div class=\"elementor-element elementor-element-bee7391 animated-slow elementor-invisible elementor-widget elementor-widget-heading\" data-id=\"bee7391\" data-element_type=\"widget\" data-e-type=\"widget\" data-settings=\"{&quot;_animation&quot;:&quot;fadeInUp&quot;}\" data-widget_type=\"heading.default\">\n\t\t\t\t<div class=\"elementor-widget-container\">\n\t\t\t\t\t<h2 class=\"elementor-heading-title elementor-size-default\">Rufen Sie uns einfach an f\u00fcr weitere Informationen<\/h2>\t\t\t\t<\/div>\n\t\t\t\t<\/div>\n\t\t\t\t<div class=\"elementor-element elementor-element-ad6625e animated-slow elementor-invisible elementor-widget elementor-widget-heading\" data-id=\"ad6625e\" data-element_type=\"widget\" data-e-type=\"widget\" data-settings=\"{&quot;_animation&quot;:&quot;fadeInUp&quot;}\" data-widget_type=\"heading.default\">\n\t\t\t\t<div class=\"elementor-widget-container\">\n\t\t\t\t\t<div class=\"elementor-heading-title elementor-size-default\">Stari Bay ist der Traum eines jeden Hausk\u00e4ufers - eine Boutique-Residenz an der K\u00fcste, die mediterranen Charme mit modernem Leben verbindet. Umgeben von Meerblick, Gr\u00fcnfl\u00e4chen und zeitlosen Steinakzenten bietet dieser friedliche R\u00fcckzugsort stilvolle Apartments nur wenige Minuten vom Strand und dem Stadtzentrum entfernt.<\/div>\t\t\t\t<\/div>\n\t\t\t\t<\/div>\n\t\t\t\t<div class=\"elementor-element elementor-element-caa963b animated-slow elementor-icon-list--layout-traditional elementor-list-item-link-full_width elementor-invisible elementor-widget elementor-widget-icon-list\" data-id=\"caa963b\" data-element_type=\"widget\" data-e-type=\"widget\" data-settings=\"{&quot;_animation&quot;:&quot;fadeInUp&quot;}\" data-widget_type=\"icon-list.default\">\n\t\t\t\t<div class=\"elementor-widget-container\">\n\t\t\t\t\t\t\t<ul class=\"elementor-icon-list-items\">\n\t\t\t\t\t\t\t<li class=\"elementor-icon-list-item\">\n\t\t\t\t\t\t\t\t\t\t\t<a href=\"https:\/\/wa.me\/38598665595\">\n\n\t\t\t\t\t\t\t\t\t\t\t\t<span class=\"elementor-icon-list-icon\">\n\t\t\t\t\t\t\t<svg xmlns=\"http:\/\/www.w3.org\/2000\/svg\" id=\"Outline_Version\" data-name=\"Outline Version\" viewbox=\"0 0 24 24\"><title>messaging-whatsapp<\/title><path d=\"M14.26,18.51l.43,0a4.23,4.23,0,0,0,3.87-2.17,2.11,2.11,0,0,0,.15-2.08h0a1.53,1.53,0,0,0-.73-.55l-.14-.07s-1.73-.85-2.09-1a1.2,1.2,0,0,0-1.54.43c-.17.25-.35.51-.48.68a8.27,8.27,0,0,1-3.57-3l.23-.21A1.52,1.52,0,0,0,10.8,10a1.26,1.26,0,0,0,0-1.19c-.06-.12-.3-.72-.54-1.28l-.35-.84a1.65,1.65,0,0,0-1.29-1,2.18,2.18,0,0,0-2,.58,5.14,5.14,0,0,0-1,5.67A11.19,11.19,0,0,0,14.26,18.51ZM7.74,7.36a.68.68,0,0,1,.45-.14h0a.64.64,0,0,1,.32.07l.35.84c.21.51.43,1,.54,1.28l0,0L9,9.8a1.14,1.14,0,0,0-.25,1.51,9.76,9.76,0,0,0,4.45,3.88,1.18,1.18,0,0,0,1.53-.25c.18-.21.45-.58.61-.82.33.14,1.26.59,1.84.88l.16.08.09,0a1.19,1.19,0,0,1-.17.5A2.81,2.81,0,0,1,14.37,17a9.67,9.67,0,0,1-7.31-5.55A3.63,3.63,0,0,1,7.74,7.36Z\"><\/path><path d=\"M.77,22.36a.75.75,0,0,0,.94,1L5.7,22A12,12,0,0,0,24,11.91a12,12,0,0,0-24,0,11.75,11.75,0,0,0,2.06,6.67Zm.72-10.45A10.5,10.5,0,1,1,12,22.32,10.5,10.5,0,0,1,6.22,20.6a.75.75,0,0,0-.64-.09l-2.91.92L3.6,18.7A.75.75,0,0,0,3.49,18,10.27,10.27,0,0,1,1.49,11.91Z\"><\/path><\/svg>\t\t\t\t\t\t<\/span>\n\t\t\t\t\t\t\t\t\t\t<span class=\"elementor-icon-list-text\">+385 98 665 595<\/span>\n\t\t\t\t\t\t\t\t\t\t\t<\/a>\n\t\t\t\t\t\t\t\t\t<\/li>\n\t\t\t\t\t\t\t\t<li class=\"elementor-icon-list-item\">\n\t\t\t\t\t\t\t\t\t\t\t<span class=\"elementor-icon-list-icon\">\n\t\t\t\t\t\t\t<svg xmlns=\"http:\/\/www.w3.org\/2000\/svg\" xmlns:xlink=\"http:\/\/www.w3.org\/1999\/xlink\" id=\"Layer_1\" x=\"0px\" y=\"0px\" viewbox=\"0 0 24 24\" style=\"enable-background:new 0 0 24 24;\" xml:space=\"preserve\"><title>Stift<\/title><g>\t<path d=\"M12,12.75c-2.481,0-4.5-2.019-4.5-4.5s2.019-4.5,4.5-4.5c2.481,0,4.5,2.019,4.5,4.5S14.481,12.75,12,12.75z M12,5.25   c-1.654,0-3,1.346-3,3s1.346,3,3,3c1.654,0,3-1.346,3-3S13.654,5.25,12,5.25z\"><\/path>\t<path d=\"M11.998,24.001c-0.294,0-0.58-0.087-0.827-0.25c-0.168-0.111-0.309-0.253-0.421-0.421   c-0.702-1.057-2.448-3.866-4.039-6.925C4.746,12.625,3.75,9.882,3.75,8.25C3.75,3.701,7.451,0,12,0s8.25,3.701,8.25,8.25   c0,1.631-0.996,4.375-2.961,8.155c-1.59,3.058-3.337,5.867-4.039,6.925c-0.221,0.334-0.56,0.562-0.952,0.641   C12.199,23.991,12.098,24.001,11.998,24.001z M12,1.5c-3.722,0-6.75,3.028-6.75,6.75c0,2.88,4.396,10.702,6.75,14.25   c2.354-3.548,6.75-11.371,6.75-14.25C18.75,4.529,15.722,1.5,12,1.5z\"><\/path><\/g><\/svg>\t\t\t\t\t\t<\/span>\n\t\t\t\t\t\t\t\t\t\t<span class=\"elementor-icon-list-text\">Ulica Kraljice mu\u010denika 12C 21216 Ka\u0161tel Stari, Kroatien<\/span>\n\t\t\t\t\t\t\t\t\t<\/li>\n\t\t\t\t\t\t<\/ul>\n\t\t\t\t\t\t<\/div>\n\t\t\t\t<\/div>\n\t\t\t\t<div class=\"elementor-element elementor-element-b29977a elementor-widget elementor-widget-spacer\" data-id=\"b29977a\" data-element_type=\"widget\" data-e-type=\"widget\" data-widget_type=\"spacer.default\">\n\t\t\t\t<div class=\"elementor-widget-container\">\n\t\t\t\t\t\t\t<div class=\"elementor-spacer\">\n\t\t\t<div class=\"elementor-spacer-inner\"><\/div>\n\t\t<\/div>\n\t\t\t\t\t\t<\/div>\n\t\t\t\t<\/div>\n\t\t\t\t\t<\/div>\n\t\t<\/div>\n\t\t\t\t<div class=\"elementor-column elementor-col-33 elementor-inner-column elementor-element elementor-element-d9f8794\" data-id=\"d9f8794\" data-element_type=\"column\" data-e-type=\"column\">\n\t\t\t<div class=\"elementor-widget-wrap\">\n\t\t\t\t\t\t\t<\/div>\n\t\t<\/div>\n\t\t\t\t<div class=\"elementor-column elementor-col-33 elementor-inner-column elementor-element elementor-element-13227cf\" data-id=\"13227cf\" data-element_type=\"column\" data-e-type=\"column\">\n\t\t\t<div class=\"elementor-widget-wrap elementor-element-populated\">\n\t\t\t\t\t\t<div class=\"elementor-element elementor-element-4d3d4f0 animated-slow elementor-invisible elementor-widget elementor-widget-heading\" data-id=\"4d3d4f0\" data-element_type=\"widget\" data-e-type=\"widget\" data-settings=\"{&quot;_animation&quot;:&quot;fadeInUp&quot;}\" data-widget_type=\"heading.default\">\n\t\t\t\t<div class=\"elementor-widget-container\">\n\t\t\t\t\t<h2 class=\"elementor-heading-title elementor-size-default\">Schreiben Sie uns Ihre Fragen<\/h2>\t\t\t\t<\/div>\n\t\t\t\t<\/div>\n\t\t\t\t<div class=\"elementor-element elementor-element-8b25e5a animated-slow elementor-button-align-stretch elementor-invisible elementor-widget elementor-widget-houzez_elementor_contact_form\" data-id=\"8b25e5a\" data-element_type=\"widget\" data-e-type=\"widget\" data-settings=\"{&quot;_animation&quot;:&quot;fadeIn&quot;}\" data-widget_type=\"houzez_elementor_contact_form.default\">\n\t\t\t\t<div class=\"elementor-widget-container\">\n\t\t\t\t\t\n        <script type=\"application\/javascript\">\n            jQuery(document).bind(\"ready\", function () {\n                houzezValidateElementor(\"#houzez-form-8b25e5a\" );\n            });\n        <\/script>\n\n        <form class=\"elementor-form houzez-ele-form-js\" id=\"houzez-form-8b25e5a\" method=\"post\" name=\"New Form\" action=\"https:\/\/schuldtconstructiondoo.com\/wp-admin\/admin-ajax.php\">\n            <input type=\"hidden\" name=\"form_id\" value=\"8b25e5a\"\/>\n            <input type=\"hidden\" name=\"houzez_contact_form\" value=\"yes\"\/>\n            <input type=\"hidden\" name=\"action\" value=\"houzez_ele_contact_form\" \/>\n            <input type=\"hidden\" name=\"source_link\" value=\"https:\/\/schuldtconstructiondoo.com\/de\/closing-costs-for-real-estate-purchase-in-croatia\/\" \/>\n            <input type=\"hidden\" name=\"lead_page_id\" value=\"3682\" \/>\n            <input type=\"hidden\" name=\"webhook\" value=\"false\" \/>\n            <input type=\"hidden\" name=\"webhook_url\" value=\"\" \/>\n            <input type=\"hidden\" name=\"redirect_to\" value=\"\" \/>\n            <input type=\"hidden\" name=\"google_recaptcha\" value=\"false\" \/>\n            \n\n            <div class=\"elementor-form-fields-wrapper elementor-labels-above\">\n\n                                    <div class=\"elementor-field-group elementor-column form-group elementor-field-group-name elementor-col-50\">\n                    <label for=\"form-field-name\" class=\"form-label elementor-field-label elementor-screen-only\">Vorname<\/label><input type=\"text\" name=\"first_name\" id=\"form-field-name\" class=\"elementor-field form-control elementor-size-lg elementor-field-textual\" placeholder=\"Vorname\" title=\"* Vorname\">                    <\/div>\n\n                                        <div class=\"elementor-field-group elementor-column form-group elementor-field-group-cf9d1f2 elementor-col-50\">\n                    <label for=\"form-field-cf9d1f2\" class=\"form-label elementor-field-label elementor-screen-only\">Nachname<\/label><input type=\"text\" name=\"last_name\" id=\"form-field-cf9d1f2\" class=\"elementor-field form-control elementor-size-lg elementor-field-textual\" placeholder=\"Nachname\" title=\"* Nachname\">                    <\/div>\n\n                                        <div class=\"elementor-field-group elementor-column form-group elementor-field-group-email elementor-col-100 elementor-field-required\">\n                    <label for=\"form-field-email\" class=\"form-label elementor-field-label elementor-screen-only\">E-Mail<\/label><input type=\"email\" name=\"email\" id=\"form-field-email\" class=\"elementor-field form-control elementor-size-lg elementor-field-textual\" placeholder=\"E-Mail\" title=\"* E-Mail\" required=\"required\">                    <\/div>\n\n                                        <div class=\"elementor-field-group elementor-column form-group elementor-field-group-message elementor-col-100\">\n                    <label for=\"form-field-message\" class=\"form-label elementor-field-label elementor-screen-only\">Nachricht<\/label><textarea class=\"elementor-field-textual elementor-field elementor-size-lg\" name=\"message\" id=\"form-field-message\" rows=\"4\" placeholder=\"Nachricht\"><\/textarea>                    <\/div>\n\n                    \n                    \n                    \n                    <div class=\"elementor-field-group elementor-column elementor-field-type-submit elementor-col-100\">\n                    <button type=\"submit\" class=\"houzez-submit-button houzez-contact-form-js elementor-button elementor-size-lg\">\n                        <i class=\"houzez-loader-js houzez-hidden spinner-border spinner-border-sm\"><\/i>\n                                                    NACHRICHT SENDEN                                            <\/button>\n                <\/div>\n            <\/div><!-- End wrapper-->\n            <br\/>\n            <div class=\"ele-form-messages\"><\/div>\n            <div class=\"error-container\"><\/div>\n\n        <\/form>\n\n    \t\t\t\t<\/div>\n\t\t\t\t<\/div>\n\t\t\t\t\t<\/div>\n\t\t<\/div>\n\t\t\t\t\t<\/div>\n\t\t<\/section>\n\t\t\t\t\t<\/div>\n\t\t<\/div>\n\t\t\t\t\t<\/div>\n\t\t<\/section>\n\t\t\t\t<\/div>","protected":false},"excerpt":{"rendered":"<p>Closing Costs &#8211; 4.5% purchasing costs when buying a property Real Estate Transfer Tax &#8211; 3% There is a difference in the real estate transfer tax if the selling price is with 25% VAT or not. With 0% VAT\/PDV (e.g. private seller): In this case the tax is 3%. As we sell them private the [&hellip;]<\/p>\n","protected":false},"author":1,"featured_media":0,"parent":0,"menu_order":0,"comment_status":"closed","ping_status":"closed","template":"elementor_header_footer","meta":{"footnotes":""},"class_list":["post-3682","page","type-page","status-publish","hentry"],"aioseo_notices":[],"_links":{"self":[{"href":"https:\/\/schuldtconstructiondoo.com\/de\/wp-json\/wp\/v2\/pages\/3682","targetHints":{"allow":["GET"]}}],"collection":[{"href":"https:\/\/schuldtconstructiondoo.com\/de\/wp-json\/wp\/v2\/pages"}],"about":[{"href":"https:\/\/schuldtconstructiondoo.com\/de\/wp-json\/wp\/v2\/types\/page"}],"author":[{"embeddable":true,"href":"https:\/\/schuldtconstructiondoo.com\/de\/wp-json\/wp\/v2\/users\/1"}],"replies":[{"embeddable":true,"href":"https:\/\/schuldtconstructiondoo.com\/de\/wp-json\/wp\/v2\/comments?post=3682"}],"version-history":[{"count":10,"href":"https:\/\/schuldtconstructiondoo.com\/de\/wp-json\/wp\/v2\/pages\/3682\/revisions"}],"predecessor-version":[{"id":3765,"href":"https:\/\/schuldtconstructiondoo.com\/de\/wp-json\/wp\/v2\/pages\/3682\/revisions\/3765"}],"wp:attachment":[{"href":"https:\/\/schuldtconstructiondoo.com\/de\/wp-json\/wp\/v2\/media?parent=3682"}],"curies":[{"name":"wp","href":"https:\/\/api.w.org\/{rel}","templated":true}]}}