{"id":3682,"date":"2025-08-11T16:42:31","date_gmt":"2025-08-11T14:42:31","guid":{"rendered":"https:\/\/schuldtconstructiondoo.com\/?page_id=3682"},"modified":"2025-10-19T23:09:33","modified_gmt":"2025-10-19T21:09:33","slug":"naklady-na-uzavreni-obchodu-s-nemovitostmi-v-chorvatsku","status":"publish","type":"page","link":"https:\/\/schuldtconstructiondoo.com\/cs\/closing-costs-for-real-estate-purchase-in-croatia\/","title":{"rendered":"N\u00e1klady na uzav\u0159en\u00ed smlouvy o koupi nemovitosti v Chorvatsku \u2013 Schuldt Construction doo"},"content":{"rendered":"<div data-elementor-type=\"wp-page\" data-elementor-id=\"3682\" class=\"elementor elementor-3682\" data-elementor-post-type=\"page\">\n\t\t\t\t\t\t<section class=\"elementor-section elementor-top-section elementor-element elementor-element-58bd95be elementor-section-height-min-height elementor-section-boxed elementor-section-height-default elementor-section-items-middle\" data-id=\"58bd95be\" data-element_type=\"section\" data-e-type=\"section\" data-settings=\"{&quot;background_background&quot;:&quot;classic&quot;}\">\n\t\t\t\t\t\t\t<div class=\"elementor-background-overlay\"><\/div>\n\t\t\t\t\t\t\t<div class=\"elementor-container elementor-column-gap-wider\">\n\t\t\t\t\t<div class=\"elementor-column elementor-col-100 elementor-top-column elementor-element elementor-element-628e493\" data-id=\"628e493\" data-element_type=\"column\" data-e-type=\"column\">\n\t\t\t<div class=\"elementor-widget-wrap elementor-element-populated\">\n\t\t\t\t\t\t<div class=\"elementor-element elementor-element-b144dce animated-slow elementor-invisible elementor-widget elementor-widget-heading\" data-id=\"b144dce\" data-element_type=\"widget\" data-e-type=\"widget\" data-settings=\"{&quot;_animation&quot;:&quot;fadeInUp&quot;}\" data-widget_type=\"heading.default\">\n\t\t\t\t<div class=\"elementor-widget-container\">\n\t\t\t\t\t<h1 class=\"elementor-heading-title elementor-size-default\">N\u00e1klady na uzav\u0159en\u00ed obchodu - 4,51 TP3T<\/h1>\t\t\t\t<\/div>\n\t\t\t\t<\/div>\n\t\t\t\t<div class=\"elementor-element elementor-element-3d06e95 animated-slow elementor-align-start elementor-icon-list--layout-traditional elementor-list-item-link-full_width elementor-invisible elementor-widget elementor-widget-icon-list\" data-id=\"3d06e95\" data-element_type=\"widget\" data-e-type=\"widget\" data-settings=\"{&quot;_animation&quot;:&quot;fadeInUp&quot;}\" data-widget_type=\"icon-list.default\">\n\t\t\t\t<div class=\"elementor-widget-container\">\n\t\t\t\t\t\t\t<ul class=\"elementor-icon-list-items\">\n\t\t\t\t\t\t\t<li class=\"elementor-icon-list-item\">\n\t\t\t\t\t\t\t\t\t\t\t<span class=\"elementor-icon-list-icon\">\n\t\t\t\t\t\t\t<svg aria-hidden=\"true\" class=\"e-font-icon-svg e-fas-file-signature\" viewbox=\"0 0 576 512\" xmlns=\"http:\/\/www.w3.org\/2000\/svg\"><path d=\"M218.17 424.14c-2.95-5.92-8.09-6.52-10.17-6.52s-7.22.59-10.02 6.19l-7.67 15.34c-6.37 12.78-25.03 11.37-29.48-2.09L144 386.59l-10.61 31.88c-5.89 17.66-22.38 29.53-41 29.53H80c-8.84 0-16-7.16-16-16s7.16-16 16-16h12.39c4.83 0 9.11-3.08 10.64-7.66l18.19-54.64c3.3-9.81 12.44-16.41 22.78-16.41s19.48 6.59 22.77 16.41l13.88 41.64c19.75-16.19 54.06-9.7 66 14.16 1.89 3.78 5.49 5.95 9.36 6.26v-82.12l128-127.09V160H248c-13.2 0-24-10.8-24-24V0H24C10.7 0 0 10.7 0 24v464c0 13.3 10.7 24 24 24h336c13.3 0 24-10.7 24-24v-40l-128-.11c-16.12-.31-30.58-9.28-37.83-23.75zM384 121.9c0-6.3-2.5-12.4-7-16.9L279.1 7c-4.5-4.5-10.6-7-17-7H256v128h128v-6.1zm-96 225.06V416h68.99l161.68-162.78-67.88-67.88L288 346.96zm280.54-179.63l-31.87-31.87c-9.94-9.94-26.07-9.94-36.01 0l-27.25 27.25 67.88 67.88 27.25-27.25c9.95-9.94 9.95-26.07 0-36.01z\"><\/path><\/svg>\t\t\t\t\t\t<\/span>\n\t\t\t\t\t\t\t\t\t\t<span class=\"elementor-icon-list-text\">n\u00e1klady na po\u0159\u00edzen\u00ed p\u0159i koupi nemovitosti<\/span>\n\t\t\t\t\t\t\t\t\t<\/li>\n\t\t\t\t\t\t<\/ul>\n\t\t\t\t\t\t<\/div>\n\t\t\t\t<\/div>\n\t\t\t\t\t<\/div>\n\t\t<\/div>\n\t\t\t\t\t<\/div>\n\t\t<\/section>\n\t\t\t\t<section class=\"elementor-section elementor-top-section elementor-element elementor-element-53acdf7 elementor-section-content-top elementor-section-boxed elementor-section-height-default elementor-section-height-default\" data-id=\"53acdf7\" data-element_type=\"section\" data-e-type=\"section\" data-settings=\"{&quot;background_background&quot;:&quot;classic&quot;}\">\n\t\t\t\t\t\t\t<div class=\"elementor-background-overlay\"><\/div>\n\t\t\t\t\t\t\t<div class=\"elementor-container elementor-column-gap-default\">\n\t\t\t\t\t<div class=\"elementor-column elementor-col-100 elementor-top-column elementor-element elementor-element-6ae930c\" data-id=\"6ae930c\" data-element_type=\"column\" data-e-type=\"column\">\n\t\t\t<div class=\"elementor-widget-wrap elementor-element-populated\">\n\t\t\t\t\t\t<div class=\"elementor-element elementor-element-5028fcb elementor-widget elementor-widget-spacer\" data-id=\"5028fcb\" data-element_type=\"widget\" data-e-type=\"widget\" data-widget_type=\"spacer.default\">\n\t\t\t\t<div class=\"elementor-widget-container\">\n\t\t\t\t\t\t\t<div class=\"elementor-spacer\">\n\t\t\t<div class=\"elementor-spacer-inner\"><\/div>\n\t\t<\/div>\n\t\t\t\t\t\t<\/div>\n\t\t\t\t<\/div>\n\t\t\t\t<section class=\"elementor-section elementor-inner-section elementor-element elementor-element-5d8d3a0 elementor-section-full_width elementor-section-content-middle elementor-section-height-default elementor-section-height-default\" data-id=\"5d8d3a0\" data-element_type=\"section\" data-e-type=\"section\">\n\t\t\t\t\t\t<div class=\"elementor-container elementor-column-gap-default\">\n\t\t\t\t\t<div class=\"elementor-column elementor-col-50 elementor-inner-column elementor-element elementor-element-6cf3b5e\" data-id=\"6cf3b5e\" data-element_type=\"column\" data-e-type=\"column\">\n\t\t\t<div class=\"elementor-widget-wrap elementor-element-populated\">\n\t\t\t\t\t\t<div class=\"elementor-element elementor-element-c6fd4ec animated-slow elementor-invisible elementor-widget elementor-widget-heading\" data-id=\"c6fd4ec\" data-element_type=\"widget\" data-e-type=\"widget\" data-settings=\"{&quot;_animation&quot;:&quot;fadeInUp&quot;}\" data-widget_type=\"heading.default\">\n\t\t\t\t<div class=\"elementor-widget-container\">\n\t\t\t\t\t<h2 class=\"elementor-heading-title elementor-size-default\">Da\u0148 z p\u0159evodu nemovitost\u00ed - 3%<\/h2>\t\t\t\t<\/div>\n\t\t\t\t<\/div>\n\t\t\t\t<div class=\"elementor-element elementor-element-ce90436 animated-slow elementor-invisible elementor-widget elementor-widget-text-editor\" data-id=\"ce90436\" data-element_type=\"widget\" data-e-type=\"widget\" data-settings=\"{&quot;_animation&quot;:&quot;fadeInUp&quot;}\" data-widget_type=\"text-editor.default\">\n\t\t\t\t<div class=\"elementor-widget-container\">\n\t\t\t\t\t\t\t\t\t<p>U dan\u011b z p\u0159evodu nemovitost\u00ed je rozd\u00edl, zda je prodejn\u00ed cena s DPH 25%, \u010di nikoli.<\/p><ul><li><strong>S 0% DPH\/PDV (nap\u0159. soukrom\u00fd prodejce):<\/strong> V tomto p\u0159\u00edpad\u011b je da\u0148 3%. Jeliko\u017e je prod\u00e1v\u00e1me v soukrom\u00e9m vlastnictv\u00ed, bude se uplat\u0148ovat poplatek za transakci s nemovitost\u00ed 3%.<\/li><\/ul>\t\t\t\t\t\t\t\t<\/div>\n\t\t\t\t<\/div>\n\t\t\t\t\t<\/div>\n\t\t<\/div>\n\t\t\t\t<div class=\"elementor-column elementor-col-50 elementor-inner-column elementor-element elementor-element-1cab243\" data-id=\"1cab243\" data-element_type=\"column\" data-e-type=\"column\">\n\t\t\t<div class=\"elementor-widget-wrap elementor-element-populated\">\n\t\t\t\t\t\t<div class=\"elementor-element elementor-element-b486aba elementor-invisible elementor-widget elementor-widget-image\" data-id=\"b486aba\" data-element_type=\"widget\" data-e-type=\"widget\" data-settings=\"{&quot;_animation&quot;:&quot;fadeInRight&quot;}\" data-widget_type=\"image.default\">\n\t\t\t\t<div class=\"elementor-widget-container\">\n\t\t\t\t\t\t\t\t\t\t\t\t\t\t\t<img fetchpriority=\"high\" decoding=\"async\" width=\"1280\" height=\"400\" src=\"https:\/\/schuldtconstructiondoo.com\/wp-content\/uploads\/2025\/07\/insurance-schuldtconstructiondoo-e1753795697245.jpg\" class=\"attachment-full size-full wp-image-3583\" alt=\"\" srcset=\"https:\/\/schuldtconstructiondoo.com\/wp-content\/uploads\/2025\/07\/insurance-schuldtconstructiondoo-e1753795697245.jpg 1280w, https:\/\/schuldtconstructiondoo.com\/wp-content\/uploads\/2025\/07\/insurance-schuldtconstructiondoo-e1753795697245-18x6.jpg 18w, https:\/\/schuldtconstructiondoo.com\/wp-content\/uploads\/2025\/07\/insurance-schuldtconstructiondoo-e1753795697245-300x94.jpg 300w, https:\/\/schuldtconstructiondoo.com\/wp-content\/uploads\/2025\/07\/insurance-schuldtconstructiondoo-e1753795697245-768x240.jpg 768w, https:\/\/schuldtconstructiondoo.com\/wp-content\/uploads\/2025\/07\/insurance-schuldtconstructiondoo-e1753795697245-1024x320.jpg 1024w\" sizes=\"(max-width: 1280px) 100vw, 1280px\" \/>\t\t\t\t\t\t\t\t\t\t\t\t\t\t\t<\/div>\n\t\t\t\t<\/div>\n\t\t\t\t\t<\/div>\n\t\t<\/div>\n\t\t\t\t\t<\/div>\n\t\t<\/section>\n\t\t\t\t<div class=\"elementor-element elementor-element-5517e5e elementor-widget elementor-widget-spacer\" data-id=\"5517e5e\" data-element_type=\"widget\" data-e-type=\"widget\" data-widget_type=\"spacer.default\">\n\t\t\t\t<div class=\"elementor-widget-container\">\n\t\t\t\t\t\t\t<div class=\"elementor-spacer\">\n\t\t\t<div class=\"elementor-spacer-inner\"><\/div>\n\t\t<\/div>\n\t\t\t\t\t\t<\/div>\n\t\t\t\t<\/div>\n\t\t\t\t<section class=\"elementor-section elementor-inner-section elementor-element elementor-element-48f9bab elementor-section-full_width elementor-section-content-top elementor-section-height-default elementor-section-height-default\" data-id=\"48f9bab\" data-element_type=\"section\" data-e-type=\"section\">\n\t\t\t\t\t\t<div class=\"elementor-container elementor-column-gap-default\">\n\t\t\t\t\t<div class=\"elementor-column elementor-col-100 elementor-inner-column elementor-element elementor-element-abbf508\" data-id=\"abbf508\" data-element_type=\"column\" data-e-type=\"column\">\n\t\t\t<div class=\"elementor-widget-wrap elementor-element-populated\">\n\t\t\t\t\t\t<div class=\"elementor-element elementor-element-908aad2 animated-slow elementor-invisible elementor-widget elementor-widget-heading\" data-id=\"908aad2\" data-element_type=\"widget\" data-e-type=\"widget\" data-settings=\"{&quot;_animation&quot;:&quot;fadeInUp&quot;}\" data-widget_type=\"heading.default\">\n\t\t\t\t<div class=\"elementor-widget-container\">\n\t\t\t\t\t<h2 class=\"elementor-heading-title elementor-size-default\">1,5% pr\u00e1vn\u00ed a administrativn\u00ed poplatky<\/h2>\t\t\t\t<\/div>\n\t\t\t\t<\/div>\n\t\t\t\t<div class=\"elementor-element elementor-element-924e164 animated-slow elementor-invisible elementor-widget elementor-widget-text-editor\" data-id=\"924e164\" data-element_type=\"widget\" data-e-type=\"widget\" data-settings=\"{&quot;_animation&quot;:&quot;fadeInUp&quot;}\" data-widget_type=\"text-editor.default\">\n\t\t\t\t<div class=\"elementor-widget-container\">\n\t\t\t\t\t\t\t\t\t<p>Pro n\u00e1kup t\u011bchto nemovitost\u00ed by si kupuj\u00edc\u00ed m\u011bli v rozpo\u010dtu vy\u010dlenit p\u0159ibli\u017en\u011b 1,51 TP3T (ne v\u00edce, jinak to zaplat\u00edme) z kupn\u00ed ceny na ve\u0161ker\u00e9 nezbytn\u00e9 pr\u00e1vn\u00ed a administrativn\u00ed slu\u017eby, kter\u00e9 zajist\u00ed bezpe\u010dn\u00fd a hladk\u00fd pr\u016fb\u011bh transakce.<\/p>\n<p>Tato sazba plat\u00ed konkr\u00e9tn\u011b pro n\u00e1kupy u n\u00e1s \u2013 poplatky se mohou li\u0161it p\u0159i n\u00e1kupu prost\u0159ednictv\u00edm jin\u00fdch stran.<\/p>\n<p><strong>1.5% zahrnuje:<\/strong><br>\u2022 Not\u00e1\u0159sk\u00fd poplatek \u2013 ov\u011b\u0159en\u00ed podpis\u016f a kupn\u00ed smlouvy<br>\u2022 Poplatky za katastr nemovitost\u00ed \u2013 z\u00e1pis vlastnick\u00fdch pr\u00e1v<br>\u2022 Pr\u00e1vn\u00ed slu\u017eby \u2013 kontrola smluv, due diligence a zpracov\u00e1n\u00ed transakc\u00ed<br>\u2022 N\u00e1klady na p\u0159eklady \u2013 ov\u011b\u0159en\u00e9 p\u0159eklady v p\u0159\u00edpad\u011b pot\u0159eby<\/p>\n<p>D\u00edky spojen\u00ed t\u011bchto slu\u017eeb zaji\u0161\u0165ujeme transparentnost a klid v cel\u00e9m procesu n\u00e1kupu.<\/p>\t\t\t\t\t\t\t\t<\/div>\n\t\t\t\t<\/div>\n\t\t\t\t\t<\/div>\n\t\t<\/div>\n\t\t\t\t\t<\/div>\n\t\t<\/section>\n\t\t\t\t\t<\/div>\n\t\t<\/div>\n\t\t\t\t\t<\/div>\n\t\t<\/section>\n\t\t\t\t<section class=\"elementor-section elementor-top-section elementor-element elementor-element-2efd70d elementor-section-boxed elementor-section-height-default elementor-section-height-default\" data-id=\"2efd70d\" data-element_type=\"section\" data-e-type=\"section\" data-settings=\"{&quot;background_background&quot;:&quot;classic&quot;}\">\n\t\t\t\t\t\t<div class=\"elementor-container elementor-column-gap-default\">\n\t\t\t\t\t<div class=\"elementor-column elementor-col-100 elementor-top-column elementor-element elementor-element-2924da8\" data-id=\"2924da8\" data-element_type=\"column\" data-e-type=\"column\">\n\t\t\t<div class=\"elementor-widget-wrap elementor-element-populated\">\n\t\t\t\t\t\t<div class=\"elementor-element elementor-element-9665c32 elementor-widget elementor-widget-spacer\" data-id=\"9665c32\" data-element_type=\"widget\" data-e-type=\"widget\" data-widget_type=\"spacer.default\">\n\t\t\t\t<div class=\"elementor-widget-container\">\n\t\t\t\t\t\t\t<div class=\"elementor-spacer\">\n\t\t\t<div class=\"elementor-spacer-inner\"><\/div>\n\t\t<\/div>\n\t\t\t\t\t\t<\/div>\n\t\t\t\t<\/div>\n\t\t\t\t<section class=\"elementor-section elementor-inner-section elementor-element elementor-element-d2ad64d elementor-section-full_width elementor-section-content-middle elementor-section-height-default elementor-section-height-default\" data-id=\"d2ad64d\" data-element_type=\"section\" data-e-type=\"section\">\n\t\t\t\t\t\t<div class=\"elementor-container elementor-column-gap-default\">\n\t\t\t\t\t<div class=\"elementor-column elementor-col-33 elementor-inner-column elementor-element elementor-element-e2ec0b4\" data-id=\"e2ec0b4\" data-element_type=\"column\" data-e-type=\"column\">\n\t\t\t<div class=\"elementor-widget-wrap elementor-element-populated\">\n\t\t\t\t\t\t<div class=\"elementor-element elementor-element-bee7391 animated-slow elementor-invisible elementor-widget elementor-widget-heading\" data-id=\"bee7391\" data-element_type=\"widget\" data-e-type=\"widget\" data-settings=\"{&quot;_animation&quot;:&quot;fadeInUp&quot;}\" data-widget_type=\"heading.default\">\n\t\t\t\t<div class=\"elementor-widget-container\">\n\t\t\t\t\t<h2 class=\"elementor-heading-title elementor-size-default\">Zavolejte n\u00e1m pro v\u00edce informac\u00ed<\/h2>\t\t\t\t<\/div>\n\t\t\t\t<\/div>\n\t\t\t\t<div class=\"elementor-element elementor-element-ad6625e animated-slow elementor-invisible elementor-widget elementor-widget-heading\" data-id=\"ad6625e\" data-element_type=\"widget\" data-e-type=\"widget\" data-settings=\"{&quot;_animation&quot;:&quot;fadeInUp&quot;}\" data-widget_type=\"heading.default\">\n\t\t\t\t<div class=\"elementor-widget-container\">\n\t\t\t\t\t<div class=\"elementor-heading-title elementor-size-default\">Stari Bay je snem v\u0161ech z\u00e1jemc\u016f o bydlen\u00ed - butikov\u00e1 pob\u0159e\u017en\u00ed rezidence, v n\u00ed\u017e se snoub\u00ed st\u0159edomo\u0159sk\u00fd \u0161arm s modern\u00edm bydlen\u00edm. Toto klidn\u00e9 \u00fato\u010di\u0161t\u011b obklopen\u00e9 v\u00fdhledem na mo\u0159e, zelen\u00ed a nad\u010dasov\u00fdmi kamenn\u00fdmi akcenty nab\u00edz\u00ed stylov\u00e9 apartm\u00e1ny jen p\u00e1r minut od pl\u00e1\u017ee a centra m\u011bsta.<\/div>\t\t\t\t<\/div>\n\t\t\t\t<\/div>\n\t\t\t\t<div class=\"elementor-element elementor-element-caa963b animated-slow elementor-icon-list--layout-traditional elementor-list-item-link-full_width elementor-invisible elementor-widget elementor-widget-icon-list\" data-id=\"caa963b\" data-element_type=\"widget\" data-e-type=\"widget\" data-settings=\"{&quot;_animation&quot;:&quot;fadeInUp&quot;}\" data-widget_type=\"icon-list.default\">\n\t\t\t\t<div class=\"elementor-widget-container\">\n\t\t\t\t\t\t\t<ul class=\"elementor-icon-list-items\">\n\t\t\t\t\t\t\t<li class=\"elementor-icon-list-item\">\n\t\t\t\t\t\t\t\t\t\t\t<a href=\"https:\/\/wa.me\/38598665595\">\n\n\t\t\t\t\t\t\t\t\t\t\t\t<span class=\"elementor-icon-list-icon\">\n\t\t\t\t\t\t\t<svg xmlns=\"http:\/\/www.w3.org\/2000\/svg\" id=\"Outline_Version\" data-name=\"Outline Version\" viewbox=\"0 0 24 24\"><title>zas\u00edl\u00e1n\u00ed zpr\u00e1v na WhatsApp<\/title><path d=\"M14.26,18.51l.43,0a4.23,4.23,0,0,0,3.87-2.17,2.11,2.11,0,0,0,.15-2.08h0a1.53,1.53,0,0,0-.73-.55l-.14-.07s-1.73-.85-2.09-1a1.2,1.2,0,0,0-1.54.43c-.17.25-.35.51-.48.68a8.27,8.27,0,0,1-3.57-3l.23-.21A1.52,1.52,0,0,0,10.8,10a1.26,1.26,0,0,0,0-1.19c-.06-.12-.3-.72-.54-1.28l-.35-.84a1.65,1.65,0,0,0-1.29-1,2.18,2.18,0,0,0-2,.58,5.14,5.14,0,0,0-1,5.67A11.19,11.19,0,0,0,14.26,18.51ZM7.74,7.36a.68.68,0,0,1,.45-.14h0a.64.64,0,0,1,.32.07l.35.84c.21.51.43,1,.54,1.28l0,0L9,9.8a1.14,1.14,0,0,0-.25,1.51,9.76,9.76,0,0,0,4.45,3.88,1.18,1.18,0,0,0,1.53-.25c.18-.21.45-.58.61-.82.33.14,1.26.59,1.84.88l.16.08.09,0a1.19,1.19,0,0,1-.17.5A2.81,2.81,0,0,1,14.37,17a9.67,9.67,0,0,1-7.31-5.55A3.63,3.63,0,0,1,7.74,7.36Z\"><\/path><path d=\"M.77,22.36a.75.75,0,0,0,.94,1L5.7,22A12,12,0,0,0,24,11.91a12,12,0,0,0-24,0,11.75,11.75,0,0,0,2.06,6.67Zm.72-10.45A10.5,10.5,0,1,1,12,22.32,10.5,10.5,0,0,1,6.22,20.6a.75.75,0,0,0-.64-.09l-2.91.92L3.6,18.7A.75.75,0,0,0,3.49,18,10.27,10.27,0,0,1,1.49,11.91Z\"><\/path><\/svg>\t\t\t\t\t\t<\/span>\n\t\t\t\t\t\t\t\t\t\t<span class=\"elementor-icon-list-text\">+385 98 665 595<\/span>\n\t\t\t\t\t\t\t\t\t\t\t<\/a>\n\t\t\t\t\t\t\t\t\t<\/li>\n\t\t\t\t\t\t\t\t<li class=\"elementor-icon-list-item\">\n\t\t\t\t\t\t\t\t\t\t\t<span class=\"elementor-icon-list-icon\">\n\t\t\t\t\t\t\t<svg xmlns=\"http:\/\/www.w3.org\/2000\/svg\" xmlns:xlink=\"http:\/\/www.w3.org\/1999\/xlink\" id=\"Layer_1\" x=\"0px\" y=\"0px\" viewbox=\"0 0 24 24\" style=\"enable-background:new 0 0 24 24;\" xml:space=\"preserve\"><title>pin<\/title><g>\t<path d=\"M12,12.75c-2.481,0-4.5-2.019-4.5-4.5s2.019-4.5,4.5-4.5c2.481,0,4.5,2.019,4.5,4.5S14.481,12.75,12,12.75z M12,5.25   c-1.654,0-3,1.346-3,3s1.346,3,3,3c1.654,0,3-1.346,3-3S13.654,5.25,12,5.25z\"><\/path>\t<path d=\"M11.998,24.001c-0.294,0-0.58-0.087-0.827-0.25c-0.168-0.111-0.309-0.253-0.421-0.421   c-0.702-1.057-2.448-3.866-4.039-6.925C4.746,12.625,3.75,9.882,3.75,8.25C3.75,3.701,7.451,0,12,0s8.25,3.701,8.25,8.25   c0,1.631-0.996,4.375-2.961,8.155c-1.59,3.058-3.337,5.867-4.039,6.925c-0.221,0.334-0.56,0.562-0.952,0.641   C12.199,23.991,12.098,24.001,11.998,24.001z M12,1.5c-3.722,0-6.75,3.028-6.75,6.75c0,2.88,4.396,10.702,6.75,14.25   c2.354-3.548,6.75-11.371,6.75-14.25C18.75,4.529,15.722,1.5,12,1.5z\"><\/path><\/g><\/svg>\t\t\t\t\t\t<\/span>\n\t\t\t\t\t\t\t\t\t\t<span class=\"elementor-icon-list-text\">Ulica Kraljice mu\u010denika 12C 21216 Ka\u0161tel Stari, Chorvatsko<\/span>\n\t\t\t\t\t\t\t\t\t<\/li>\n\t\t\t\t\t\t<\/ul>\n\t\t\t\t\t\t<\/div>\n\t\t\t\t<\/div>\n\t\t\t\t<div class=\"elementor-element elementor-element-b29977a elementor-widget elementor-widget-spacer\" data-id=\"b29977a\" data-element_type=\"widget\" data-e-type=\"widget\" data-widget_type=\"spacer.default\">\n\t\t\t\t<div class=\"elementor-widget-container\">\n\t\t\t\t\t\t\t<div class=\"elementor-spacer\">\n\t\t\t<div class=\"elementor-spacer-inner\"><\/div>\n\t\t<\/div>\n\t\t\t\t\t\t<\/div>\n\t\t\t\t<\/div>\n\t\t\t\t\t<\/div>\n\t\t<\/div>\n\t\t\t\t<div class=\"elementor-column elementor-col-33 elementor-inner-column elementor-element elementor-element-d9f8794\" data-id=\"d9f8794\" data-element_type=\"column\" data-e-type=\"column\">\n\t\t\t<div class=\"elementor-widget-wrap\">\n\t\t\t\t\t\t\t<\/div>\n\t\t<\/div>\n\t\t\t\t<div class=\"elementor-column elementor-col-33 elementor-inner-column elementor-element elementor-element-13227cf\" data-id=\"13227cf\" data-element_type=\"column\" data-e-type=\"column\">\n\t\t\t<div class=\"elementor-widget-wrap elementor-element-populated\">\n\t\t\t\t\t\t<div class=\"elementor-element elementor-element-4d3d4f0 animated-slow elementor-invisible elementor-widget elementor-widget-heading\" data-id=\"4d3d4f0\" data-element_type=\"widget\" data-e-type=\"widget\" data-settings=\"{&quot;_animation&quot;:&quot;fadeInUp&quot;}\" data-widget_type=\"heading.default\">\n\t\t\t\t<div class=\"elementor-widget-container\">\n\t\t\t\t\t<h2 class=\"elementor-heading-title elementor-size-default\">Napi\u0161te n\u00e1m sv\u00e9 dotazy<\/h2>\t\t\t\t<\/div>\n\t\t\t\t<\/div>\n\t\t\t\t<div class=\"elementor-element elementor-element-8b25e5a animated-slow elementor-button-align-stretch elementor-invisible elementor-widget elementor-widget-houzez_elementor_contact_form\" data-id=\"8b25e5a\" data-element_type=\"widget\" data-e-type=\"widget\" data-settings=\"{&quot;_animation&quot;:&quot;fadeIn&quot;}\" data-widget_type=\"houzez_elementor_contact_form.default\">\n\t\t\t\t<div class=\"elementor-widget-container\">\n\t\t\t\t\t\n        <script type=\"application\/javascript\">\n            jQuery(document).bind(\"ready\", function () {\n                houzezValidateElementor(\"#houzez-form-8b25e5a\" );\n            });\n        <\/script>\n\n        <form class=\"elementor-form houzez-ele-form-js\" id=\"houzez-form-8b25e5a\" method=\"post\" name=\"New Form\" action=\"https:\/\/schuldtconstructiondoo.com\/wp-admin\/admin-ajax.php\">\n            <input type=\"hidden\" name=\"form_id\" value=\"8b25e5a\"\/>\n            <input type=\"hidden\" name=\"houzez_contact_form\" value=\"yes\"\/>\n            <input type=\"hidden\" name=\"action\" value=\"houzez_ele_contact_form\" \/>\n            <input type=\"hidden\" name=\"source_link\" value=\"https:\/\/schuldtconstructiondoo.com\/cs\/closing-costs-for-real-estate-purchase-in-croatia\/\" \/>\n            <input type=\"hidden\" name=\"lead_page_id\" value=\"3682\" \/>\n            <input type=\"hidden\" name=\"webhook\" value=\"false\" \/>\n            <input type=\"hidden\" name=\"webhook_url\" value=\"\" \/>\n            <input type=\"hidden\" name=\"redirect_to\" value=\"\" \/>\n            <input type=\"hidden\" name=\"google_recaptcha\" value=\"false\" \/>\n            \n\n            <div class=\"elementor-form-fields-wrapper elementor-labels-above\">\n\n                                    <div class=\"elementor-field-group elementor-column form-group elementor-field-group-name elementor-col-50\">\n                    <label for=\"form-field-name\" class=\"form-label elementor-field-label elementor-screen-only\">Jm\u00e9no<\/label><input type=\"text\" name=\"first_name\" id=\"form-field-name\" class=\"elementor-field form-control elementor-size-lg elementor-field-textual\" placeholder=\"Jm\u00e9no\" title=\"* K\u0159estn\u00ed jm\u00e9no\">                    <\/div>\n\n                                        <div class=\"elementor-field-group elementor-column form-group elementor-field-group-cf9d1f2 elementor-col-50\">\n                    <label for=\"form-field-cf9d1f2\" class=\"form-label elementor-field-label elementor-screen-only\">P\u0159\u00edjmen\u00ed<\/label><input type=\"text\" name=\"last_name\" id=\"form-field-cf9d1f2\" class=\"elementor-field form-control elementor-size-lg elementor-field-textual\" placeholder=\"P\u0159\u00edjmen\u00ed\" title=\"* P\u0159\u00edjmen\u00ed\">                    <\/div>\n\n                                        <div class=\"elementor-field-group elementor-column form-group elementor-field-group-email elementor-col-100 elementor-field-required\">\n                    <label for=\"form-field-email\" class=\"form-label elementor-field-label elementor-screen-only\">E-mail<\/label><input type=\"email\" name=\"email\" id=\"form-field-email\" class=\"elementor-field form-control elementor-size-lg elementor-field-textual\" placeholder=\"E-mail\" title=\"* E-mail\" required=\"required\">                    <\/div>\n\n                                        <div class=\"elementor-field-group elementor-column form-group elementor-field-group-message elementor-col-100\">\n                    <label for=\"form-field-message\" class=\"form-label elementor-field-label elementor-screen-only\">Zpr\u00e1va<\/label><textarea class=\"elementor-field-textual elementor-field elementor-size-lg\" name=\"message\" id=\"form-field-message\" rows=\"4\" placeholder=\"Zpr\u00e1va\"><\/textarea>                    <\/div>\n\n                    \n                    \n                    \n                    <div class=\"elementor-field-group elementor-column elementor-field-type-submit elementor-col-100\">\n                    <button type=\"submit\" class=\"houzez-submit-button houzez-contact-form-js elementor-button elementor-size-lg\">\n                        <i class=\"houzez-loader-js houzez-hidden spinner-border spinner-border-sm\"><\/i>\n                                                    ODESLAT ZPR\u00c1VU                                            <\/button>\n                <\/div>\n            <\/div><!-- End wrapper-->\n            <br\/>\n            <div class=\"ele-form-messages\"><\/div>\n            <div class=\"error-container\"><\/div>\n\n        <\/form>\n\n    \t\t\t\t<\/div>\n\t\t\t\t<\/div>\n\t\t\t\t\t<\/div>\n\t\t<\/div>\n\t\t\t\t\t<\/div>\n\t\t<\/section>\n\t\t\t\t\t<\/div>\n\t\t<\/div>\n\t\t\t\t\t<\/div>\n\t\t<\/section>\n\t\t\t\t<\/div>","protected":false},"excerpt":{"rendered":"<p>Closing Costs &#8211; 4.5% purchasing costs when buying a property Real Estate Transfer Tax &#8211; 3% There is a difference in the real estate transfer tax if the selling price is with 25% VAT or not. With 0% VAT\/PDV (e.g. private seller): In this case the tax is 3%. As we sell them private the [&hellip;]<\/p>\n","protected":false},"author":1,"featured_media":0,"parent":0,"menu_order":0,"comment_status":"closed","ping_status":"closed","template":"elementor_header_footer","meta":{"footnotes":""},"class_list":["post-3682","page","type-page","status-publish","hentry"],"aioseo_notices":[],"_links":{"self":[{"href":"https:\/\/schuldtconstructiondoo.com\/cs\/wp-json\/wp\/v2\/pages\/3682","targetHints":{"allow":["GET"]}}],"collection":[{"href":"https:\/\/schuldtconstructiondoo.com\/cs\/wp-json\/wp\/v2\/pages"}],"about":[{"href":"https:\/\/schuldtconstructiondoo.com\/cs\/wp-json\/wp\/v2\/types\/page"}],"author":[{"embeddable":true,"href":"https:\/\/schuldtconstructiondoo.com\/cs\/wp-json\/wp\/v2\/users\/1"}],"replies":[{"embeddable":true,"href":"https:\/\/schuldtconstructiondoo.com\/cs\/wp-json\/wp\/v2\/comments?post=3682"}],"version-history":[{"count":10,"href":"https:\/\/schuldtconstructiondoo.com\/cs\/wp-json\/wp\/v2\/pages\/3682\/revisions"}],"predecessor-version":[{"id":3765,"href":"https:\/\/schuldtconstructiondoo.com\/cs\/wp-json\/wp\/v2\/pages\/3682\/revisions\/3765"}],"wp:attachment":[{"href":"https:\/\/schuldtconstructiondoo.com\/cs\/wp-json\/wp\/v2\/media?parent=3682"}],"curies":[{"name":"wp","href":"https:\/\/api.w.org\/{rel}","templated":true}]}}