{"id":239,"date":"2019-11-20T18:42:04","date_gmt":"2019-11-20T18:42:04","guid":{"rendered":"http:\/\/localhost:8888\/houzez-single-condo\/?page_id=239"},"modified":"2025-06-23T15:22:45","modified_gmt":"2025-06-23T13:22:45","slug":"kontaktujte-nas","status":"publish","type":"page","link":"https:\/\/schuldtconstructiondoo.com\/cs\/contact-us\/","title":{"rendered":"Vy\u017e\u00e1dejte si informace \u2013 Schuldt Construction doo"},"content":{"rendered":"<div data-elementor-type=\"wp-page\" data-elementor-id=\"239\" class=\"elementor elementor-239\" data-elementor-post-type=\"page\">\n\t\t\t\t\t\t<section class=\"elementor-section elementor-top-section elementor-element elementor-element-d8fda50 elementor-section-height-min-height elementor-section-boxed elementor-section-height-default elementor-section-items-middle\" data-id=\"d8fda50\" data-element_type=\"section\" data-e-type=\"section\" data-settings=\"{&quot;background_background&quot;:&quot;classic&quot;,&quot;animation&quot;:&quot;none&quot;}\">\n\t\t\t\t\t\t\t<div class=\"elementor-background-overlay\"><\/div>\n\t\t\t\t\t\t\t<div class=\"elementor-container elementor-column-gap-no\">\n\t\t\t\t\t<div class=\"elementor-column elementor-col-100 elementor-top-column elementor-element elementor-element-a227efc\" data-id=\"a227efc\" data-element_type=\"column\" data-e-type=\"column\">\n\t\t\t<div class=\"elementor-widget-wrap elementor-element-populated\">\n\t\t\t\t\t\t<section class=\"elementor-section elementor-inner-section elementor-element elementor-element-b33a1c3 elementor-section-boxed elementor-section-height-default elementor-section-height-default\" data-id=\"b33a1c3\" data-element_type=\"section\" data-e-type=\"section\">\n\t\t\t\t\t\t<div class=\"elementor-container elementor-column-gap-default\">\n\t\t\t\t\t<div class=\"elementor-column elementor-col-100 elementor-inner-column elementor-element elementor-element-5efdcfc\" data-id=\"5efdcfc\" data-element_type=\"column\" data-e-type=\"column\">\n\t\t\t<div class=\"elementor-widget-wrap elementor-element-populated\">\n\t\t\t\t\t\t<div class=\"elementor-element elementor-element-60351a2 animated-slow elementor-widget elementor-widget-heading\" data-id=\"60351a2\" data-element_type=\"widget\" data-e-type=\"widget\" data-settings=\"{&quot;_animation&quot;:&quot;none&quot;}\" data-widget_type=\"heading.default\">\n\t\t\t\t<div class=\"elementor-widget-container\">\n\t\t\t\t\t<h2 class=\"elementor-heading-title elementor-size-default\">Vy\u017e\u00e1dat si informace<\/h2>\t\t\t\t<\/div>\n\t\t\t\t<\/div>\n\t\t\t\t\t<\/div>\n\t\t<\/div>\n\t\t\t\t\t<\/div>\n\t\t<\/section>\n\t\t\t\t<section class=\"elementor-section elementor-inner-section elementor-element elementor-element-df74118 elementor-section-boxed elementor-section-height-default elementor-section-height-default\" data-id=\"df74118\" data-element_type=\"section\" data-e-type=\"section\">\n\t\t\t\t\t\t<div class=\"elementor-container elementor-column-gap-default\">\n\t\t\t\t\t<div class=\"elementor-column elementor-col-100 elementor-inner-column elementor-element elementor-element-dc36b9f\" data-id=\"dc36b9f\" data-element_type=\"column\" data-e-type=\"column\">\n\t\t\t<div class=\"elementor-widget-wrap elementor-element-populated\">\n\t\t\t\t\t\t<div class=\"elementor-element elementor-element-f1b1304 elementor-button-align-stretch elementor-widget elementor-widget-houzez_elementor_inquiry_form\" data-id=\"f1b1304\" data-element_type=\"widget\" data-e-type=\"widget\" data-widget_type=\"houzez_elementor_inquiry_form.default\">\n\t\t\t\t<div class=\"elementor-widget-container\">\n\t\t\t\t\t\n        <script type=\"application\/javascript\">\n            jQuery(document).bind(\"ready\", function () {\n                houzezValidateElementor(\"#houzez-form-f1b1304\" );\n            });\n        <\/script>\n\n\n        <form class=\"elementor-form houzez-ele-form-js\" id=\"houzez-form-f1b1304\" method=\"post\" name=\"New Form\" action=\"https:\/\/schuldtconstructiondoo.com\/wp-admin\/admin-ajax.php\">\n            <input type=\"hidden\" name=\"form_id\" value=\"f1b1304\"\/>\n            <input type=\"hidden\" name=\"action\" value=\"houzez_ele_inquiry_form\" \/>\n            <input type=\"hidden\" name=\"source_link\" value=\"https:\/\/schuldtconstructiondoo.com\/cs\/contact-us\/\" \/>\n            <input type=\"hidden\" name=\"lead_page_id\" value=\"239\" \/>\n            <input type=\"hidden\" name=\"is_estimation\" value=\"yes\" \/>\n            <input type=\"hidden\" name=\"webhook\" value=\"false\" \/>\n            <input type=\"hidden\" name=\"webhook_url\" value=\"\" \/>\n            <input type=\"hidden\" name=\"redirect_to\" value=\"\" \/>\n            <input type=\"hidden\" name=\"google_recaptcha\" value=\"yes\" \/>\n\n            <div class=\"elementor-form-fields-wrapper elementor-labels-above\">\n\n                                    <div class=\"elementor-field-group elementor-column form-group elementor-field-group-19a9b37 elementor-col-50 elementor-field-required\">\n                    <label for=\"form-field-19a9b37\" class=\"form-label elementor-field-label elementor-screen-only\">N\u00e1zev<\/label><input type=\"text\" name=\"name\" id=\"form-field-19a9b37\" class=\"elementor-field form-control elementor-size-md elementor-field-textual\" placeholder=\"N\u00e1zev\" title=\"* N\u00e1zev\" required=\"required\">                    <\/div>\n\n                                        <div class=\"elementor-field-group elementor-column form-group elementor-field-group-9fe1a42 elementor-col-50 elementor-field-required\">\n                    <label for=\"form-field-9fe1a42\" class=\"form-label elementor-field-label elementor-screen-only\">Telefon<\/label><input type=\"text\" name=\"mobile\" id=\"form-field-9fe1a42\" class=\"elementor-field form-control elementor-size-md elementor-field-textual\" placeholder=\"Telefon\" title=\"* Telefon\" required=\"required\">                    <\/div>\n\n                                        <div class=\"elementor-field-group elementor-column form-group elementor-field-group-332f916 elementor-col-100 elementor-field-required\">\n                    <label for=\"form-field-332f916\" class=\"form-label elementor-field-label elementor-screen-only\">E-mail<\/label><input type=\"email\" name=\"email\" id=\"form-field-332f916\" class=\"elementor-field form-control elementor-size-md elementor-field-textual\" placeholder=\"E-mail\" title=\"* E-mail\" required=\"required\">                    <\/div>\n\n                                        <div class=\"elementor-field-group elementor-column form-group elementor-field-group-be41065 elementor-col-100 elementor-field-required\">\n                    <label for=\"form-field-be41065\" class=\"form-label elementor-field-label elementor-screen-only\">Zpr\u00e1va<\/label><textarea class=\"elementor-field-textual elementor-field elementor-size-md\" name=\"message\" id=\"form-field-be41065\" rows=\"4\" placeholder=\"Zpr\u00e1va\" required=\"required\" title=\"* Zpr\u00e1va\"><\/textarea>                    <\/div>\n\n                    \n                    \n                                        <div class=\"form-group elementor-field-group elementor-col-100\">\n                        <label class=\"control control--checkbox m-0\">\n                                                        <input required type=\"checkbox\" name=\"gdpr_agreement\" id=\"gdpr_agreement\" aria-required=\"true\">\n                            <span class=\"control__indicator\"><\/span>\n                                                        <div class=\"gdpr-text-wrap\">\n                            Souhlas\u00edm s t\u00edm, aby tyto webov\u00e9 str\u00e1nky ukl\u00e1daly m\u00e9 poskytnut\u00e9 informace.                            <\/div>\n                            \n                        <\/label>\n                    <\/div><!-- form-group -->\n                    \n                                        <div class=\"\">\n                        <div class=\"form-group captcha_wrapper houzez-grecaptcha-v3\">\n    <div class=\"houzez_google_reCaptcha\"><\/div>\n<\/div>\n                    <\/div>\n                    \n                    <div class=\"elementor-field-group elementor-column elementor-field-type-submit elementor-col-100\">\n                    <button type=\"submit\" class=\"houzez-submit-button houzez-contact-form-js elementor-button elementor-size-md\">\n                        <i class=\"houzez-loader-js houzez-hidden spinner-border spinner-border-sm\"><\/i>\n                                                    P\u0158EDLO\u017dIT                                            <\/button>\n                <\/div>\n            <\/div><!-- End wrapper-->\n            <br\/>\n            <div class=\"ele-form-messages\"><\/div>\n            <div class=\"error-container\"><\/div>\n\n        <\/form>\n\n    \t\t\t\t<\/div>\n\t\t\t\t<\/div>\n\t\t\t\t<div class=\"elementor-element elementor-element-efcafca elementor-widget elementor-widget-spacer\" data-id=\"efcafca\" data-element_type=\"widget\" data-e-type=\"widget\" data-widget_type=\"spacer.default\">\n\t\t\t\t<div class=\"elementor-widget-container\">\n\t\t\t\t\t\t\t<div class=\"elementor-spacer\">\n\t\t\t<div class=\"elementor-spacer-inner\"><\/div>\n\t\t<\/div>\n\t\t\t\t\t\t<\/div>\n\t\t\t\t<\/div>\n\t\t\t\t\t<\/div>\n\t\t<\/div>\n\t\t\t\t\t<\/div>\n\t\t<\/section>\n\t\t\t\t<div class=\"elementor-element elementor-element-ae8f48f animated-slow elementor-widget elementor-widget-heading\" data-id=\"ae8f48f\" data-element_type=\"widget\" data-e-type=\"widget\" data-settings=\"{&quot;_animation&quot;:&quot;none&quot;}\" data-widget_type=\"heading.default\">\n\t\t\t\t<div class=\"elementor-widget-container\">\n\t\t\t\t\t<h2 class=\"elementor-heading-title elementor-size-default\">Jak nakupovat?<\/h2>\t\t\t\t<\/div>\n\t\t\t\t<\/div>\n\t\t\t\t<div class=\"elementor-element elementor-element-4d02968 animated-slow elementor-invisible elementor-widget elementor-widget-heading\" data-id=\"4d02968\" data-element_type=\"widget\" data-e-type=\"widget\" data-settings=\"{&quot;_animation&quot;:&quot;fadeIn&quot;}\" data-widget_type=\"heading.default\">\n\t\t\t\t<div class=\"elementor-widget-container\">\n\t\t\t\t\t<div class=\"elementor-heading-title elementor-size-default\">M\u00e1te z\u00e1jem o koupi jednoho z na\u0161ich apartm\u00e1n\u016f? Cel\u00fd proces je p\u0159\u00edmo\u010dar\u00fd a za\u010d\u00edn\u00e1 nez\u00e1vaznou popt\u00e1vkou. Pro zaji\u0161t\u011bn\u00ed hladk\u00e9ho a pr\u00e1vn\u011b bezprobl\u00e9mov\u00e9ho pr\u016fb\u011bhu transakce doporu\u010dujeme kontaktovat na\u0161eho pr\u00e1vn\u00edho partnera, advok\u00e1tn\u00ed kancel\u00e1\u0159 Vi\u0161i\u0107 &amp; Vi\u0161i\u0107 ve Splitu. Provede v\u00e1s ka\u017ed\u00fdm krokem \u2013 od kontroly smlouvy a\u017e po registraci \u2013 a poskytne v\u00e1m v\u0161echny podrobnosti p\u0159izp\u016fsoben\u00e9 va\u0161\u00ed individu\u00e1ln\u00ed situaci.<\/div>\t\t\t\t<\/div>\n\t\t\t\t<\/div>\n\t\t\t\t<div class=\"elementor-element elementor-element-dfa02ca elementor-align-center animated-slow elementor-invisible elementor-widget elementor-widget-button\" data-id=\"dfa02ca\" data-element_type=\"widget\" data-e-type=\"widget\" data-settings=\"{&quot;_animation&quot;:&quot;fadeInUp&quot;}\" data-widget_type=\"button.default\">\n\t\t\t\t<div class=\"elementor-widget-container\">\n\t\t\t\t\t\t\t\t\t<div class=\"elementor-button-wrapper\">\n\t\t\t\t\t<a class=\"elementor-button elementor-button-link elementor-size-md\" href=\"https:\/\/schuldtconstructiondoo.com\/cs\/agent\/marko-visic\/\">\n\t\t\t\t\t\t<span class=\"elementor-button-content-wrapper\">\n\t\t\t\t\t\t\t\t\t<span class=\"elementor-button-text\">KONTAKT Advok\u00e1tn\u00ed kancel\u00e1\u0159 Vi\u0161i\u0107 &amp; Vi\u0161i\u0107 <\/span>\n\t\t\t\t\t<\/span>\n\t\t\t\t\t<\/a>\n\t\t\t\t<\/div>\n\t\t\t\t\t\t\t\t<\/div>\n\t\t\t\t<\/div>\n\t\t\t\t<div class=\"elementor-element elementor-element-f244fac elementor-widget elementor-widget-spacer\" data-id=\"f244fac\" data-element_type=\"widget\" data-e-type=\"widget\" data-widget_type=\"spacer.default\">\n\t\t\t\t<div class=\"elementor-widget-container\">\n\t\t\t\t\t\t\t<div class=\"elementor-spacer\">\n\t\t\t<div class=\"elementor-spacer-inner\"><\/div>\n\t\t<\/div>\n\t\t\t\t\t\t<\/div>\n\t\t\t\t<\/div>\n\t\t\t\t\t<\/div>\n\t\t<\/div>\n\t\t\t\t\t<\/div>\n\t\t<\/section>\n\t\t\t\t<\/div>","protected":false},"excerpt":{"rendered":"<p>Request information Name Phone Email Message I consent to having this website store my submitted information. SUBMIT How to buy? Interested in purchasing one of our apartments? The process is straightforward and begins with a non-binding inquiry. To ensure a smooth and legally sound transaction, we recommend getting in touch with our legal partner Vi\u0161i\u0107 [&hellip;]<\/p>\n","protected":false},"author":1,"featured_media":3181,"parent":0,"menu_order":0,"comment_status":"closed","ping_status":"closed","template":"elementor_header_footer","meta":{"footnotes":""},"class_list":["post-239","page","type-page","status-publish","has-post-thumbnail","hentry"],"aioseo_notices":[],"_links":{"self":[{"href":"https:\/\/schuldtconstructiondoo.com\/cs\/wp-json\/wp\/v2\/pages\/239","targetHints":{"allow":["GET"]}}],"collection":[{"href":"https:\/\/schuldtconstructiondoo.com\/cs\/wp-json\/wp\/v2\/pages"}],"about":[{"href":"https:\/\/schuldtconstructiondoo.com\/cs\/wp-json\/wp\/v2\/types\/page"}],"author":[{"embeddable":true,"href":"https:\/\/schuldtconstructiondoo.com\/cs\/wp-json\/wp\/v2\/users\/1"}],"replies":[{"embeddable":true,"href":"https:\/\/schuldtconstructiondoo.com\/cs\/wp-json\/wp\/v2\/comments?post=239"}],"version-history":[{"count":10,"href":"https:\/\/schuldtconstructiondoo.com\/cs\/wp-json\/wp\/v2\/pages\/239\/revisions"}],"predecessor-version":[{"id":3306,"href":"https:\/\/schuldtconstructiondoo.com\/cs\/wp-json\/wp\/v2\/pages\/239\/revisions\/3306"}],"wp:featuredmedia":[{"embeddable":true,"href":"https:\/\/schuldtconstructiondoo.com\/cs\/wp-json\/wp\/v2\/media\/3181"}],"wp:attachment":[{"href":"https:\/\/schuldtconstructiondoo.com\/cs\/wp-json\/wp\/v2\/media?parent=239"}],"curies":[{"name":"wp","href":"https:\/\/api.w.org\/{rel}","templated":true}]}}